{"id":552,"date":"2024-06-12T11:55:26","date_gmt":"2024-06-12T09:55:26","guid":{"rendered":"https:\/\/guia-edicio-video-aula.azurewebsites.net\/?page_id=552"},"modified":"2024-08-02T13:46:05","modified_gmt":"2024-08-02T11:46:05","slug":"1-1-introduccion","status":"publish","type":"page","link":"https:\/\/guia-edicio-video.aula.uoc.edu\/es\/1-1-introduccion\/","title":{"rendered":"1.1. Introducci\u00f3n"},"content":{"rendered":"<p>Siempre, antes de iniciar cualquier grabaci\u00f3n, se recomienda planificarlo. Es decir, teniendo en cuenta el tema y aquello que se quiere mostrar y explicar, <strong>definir claramente <\/strong>qu\u00e9 se busca y qu\u00e9 se quiere grabar. A partir de aqu\u00ed, guionizar y decidir cu\u00e1les ser\u00e1n los recursos que se necesitar\u00e1n.<\/p>\n<figure id=\"attachment_56\" aria-describedby=\"caption-attachment-56\" style=\"width: 640px\" class=\"wp-caption alignnone\"><img loading=\"lazy\" decoding=\"async\" class=\"wp-image-56 size-large\" src=\"\/wp-content\/uploads\/2024\/06\/image005-1024x683.jpg\" alt=\"\" width=\"640\" height=\"427\" srcset=\"\/wp-content\/uploads\/2024\/06\/image005-1024x683.jpg 1024w, \/wp-content\/uploads\/2024\/06\/image005-300x200.jpg 300w, \/wp-content\/uploads\/2024\/06\/image005-768x512.jpg 768w, \/wp-content\/uploads\/2024\/06\/image005-1536x1025.jpg 1536w, \/wp-content\/uploads\/2024\/06\/image005.jpg 2048w\" sizes=\"(max-width: 640px) 100vw, 640px\" \/><figcaption id=\"caption-attachment-56\" class=\"wp-caption-text\">Fuente: <a href=\"https:\/\/www.pexels.com\/photo\/man-recording-video-2510429\/\" target=\"_blank\" rel=\"noopener\">Pexels<\/a>.<\/figcaption><\/figure>\n<p>Una vez hecho esto, es importante tener en cuenta algunos requisitos t\u00e9cnicos para conseguir una grabaci\u00f3n \u00f3ptima, dependiendo de los medios de que disponemos. En este sentido, en la red podemos encontrar diferentes ejemplos de profesionales que han compartido sus criterios y conocimientos porque cualquier persona, sin disponer previamente de conocimientos t\u00e9cnicos o experiencia, sea capaz de grabar un v\u00eddeo adecuado a su finalidad, evitando as\u00ed posibles errores.<\/p>\n<div class=\"featured featured-grey\"><p>Por ejemplo, para grabar un recurso en v\u00eddeo para las aulas de la UOC, se siguen unos pasos de producci\u00f3n muy concretos, que pasan por el equipo t\u00e9cnico de producci\u00f3n audiovisual de la UOC: el <a href=\"javascript:void(0);\" class=\"tooltip\" data-toggle=\"popover\" data-placement=\"bottom\" data-content=\"Para saber m\u00e1s, consultad la <a href='https:\/\/cv.uoc.edu\/app\/mediawiki82\/wiki\/P%C3%A0gina_principal' target='_blank'><i>Gu\u00eda de elaboraci\u00f3n de un gui\u00f3n documental<\/i><\/a> de Sandra Ram\u00edrez Bravo.\" data-placement=\"top\" data-html=\"true\" >gui\u00f3n<\/a>, la <strong>grabaci\u00f3n<\/strong>, el <strong>equipo de sonido<\/strong>, la <strong>iluminaci\u00f3n<\/strong>, la <strong>edici\u00f3n del v\u00eddeo <\/strong>y la elaboraci\u00f3n de los <strong>subt\u00edtulos adecuados <\/strong>para el producto final. Es el resultado de un trabajo en equipo, tal como explica <a href=\"https:\/\/youtu.be\/r2Kk3q4-3wI?si=V7tk1yDhMfN--lne\" target=\"_blank\" rel=\"noopener\">Elisenda D\u00edaz<\/a>, jefe de proyectos del equipo de producci\u00f3n de recursos de aprendizaje de la UOC.<\/p>\n<\/div>\n<p>Por su parte, <a href=\"https:\/\/zmirnofa.me\/\" target=\"_blank\" rel=\"noopener\">Olga Bedrina<\/a>, productora de <em>marketing<\/em> de Jet Brains, que est\u00e1 especializada en la producci\u00f3n multimedia y de v\u00eddeo en l\u00ednea, nos ofrece una gu\u00eda muy completa con ejemplos relevantes en el blog de wave.v\u00eddeo, <a href=\"https:\/\/wave.video\/blog\/12-simple-tips-for-making-your-videos-look-more-professional\/\"><em>12 Simple Tips for Makin<\/em><em>g<\/em><\/a> <a href=\"https:\/\/wave.video\/blog\/12-simple-tips-for-making-your-videos-look-more-professional\/\" target=\"_blank\" rel=\"noopener\"><em>Your V\u00eddeos More Profesional<\/em><\/a><em>.<\/em><\/p>\n<p>Teniendo en cuenta estos consejos, y tambi\u00e9n los que aportan otros especialistas del sector, a continuaci\u00f3n se proponen algunas recomendaciones.<\/p>\n<div class=\"featured featured-grey\"><p>Os recomendamos el siguiente v\u00eddeo de Nick Houchin con consejos bastante interesantes a la hora de <strong>planificar <\/strong>y <strong>grabar<\/strong>:<\/p>\n<p><iframe loading=\"lazy\" title=\"My Favorite Way to Film a Sequence - The 7 Shot Sequence Method\" width=\"640\" height=\"360\" src=\"https:\/\/www.youtube.com\/embed\/s5rEGPy_QZU?feature=oembed\" frameborder=\"0\" allow=\"accelerometer; autoplay; clipboard-write; encrypted-media; gyroscope; picture-in-picture; web-share\" referrerpolicy=\"strict-origin-when-cross-origin\" allowfullscreen><\/iframe><\/p>\n<p>\n<\/div>\n","protected":false},"excerpt":{"rendered":"<p>Siempre, antes de iniciar cualquier grabaci\u00f3n, se recomienda planificarlo. Es decir, teniendo en cuenta el tema y aquello que se quiere mostrar y explicar, definir claramente qu\u00e9 se busca y qu\u00e9 se quiere grabar. A partir de aqu\u00ed, guionizar y decidir cu\u00e1les ser\u00e1n los recursos que se necesitar\u00e1n. Una vez hecho esto, es importante tener [&hellip;]<\/p>\n","protected":false},"author":2,"featured_media":0,"parent":0,"menu_order":0,"comment_status":"closed","ping_status":"closed","template":"","meta":{"_acf_changed":false,"footnotes":""},"acf":[],"_links":{"self":[{"href":"https:\/\/guia-edicio-video.aula.uoc.edu\/es\/wp-json\/wp\/v2\/pages\/552"}],"collection":[{"href":"https:\/\/guia-edicio-video.aula.uoc.edu\/es\/wp-json\/wp\/v2\/pages"}],"about":[{"href":"https:\/\/guia-edicio-video.aula.uoc.edu\/es\/wp-json\/wp\/v2\/types\/page"}],"author":[{"embeddable":true,"href":"https:\/\/guia-edicio-video.aula.uoc.edu\/es\/wp-json\/wp\/v2\/users\/2"}],"replies":[{"embeddable":true,"href":"https:\/\/guia-edicio-video.aula.uoc.edu\/es\/wp-json\/wp\/v2\/comments?post=552"}],"version-history":[{"count":4,"href":"https:\/\/guia-edicio-video.aula.uoc.edu\/es\/wp-json\/wp\/v2\/pages\/552\/revisions"}],"predecessor-version":[{"id":557,"href":"https:\/\/guia-edicio-video.aula.uoc.edu\/es\/wp-json\/wp\/v2\/pages\/552\/revisions\/557"}],"wp:attachment":[{"href":"https:\/\/guia-edicio-video.aula.uoc.edu\/es\/wp-json\/wp\/v2\/media?parent=552"}],"curies":[{"name":"wp","href":"https:\/\/api.w.org\/{rel}","templated":true}]}}