{"id":558,"date":"2024-06-14T12:04:27","date_gmt":"2024-06-14T10:04:27","guid":{"rendered":"https:\/\/guia-edicio-video-aula.azurewebsites.net\/?page_id=558"},"modified":"2024-08-02T12:13:15","modified_gmt":"2024-08-02T10:13:15","slug":"1-2-utilizar-un-tripode","status":"publish","type":"page","link":"https:\/\/guia-edicio-video.aula.uoc.edu\/es\/1-2-utilizar-un-tripode\/","title":{"rendered":"1.2. Utilizar un tr\u00edpode"},"content":{"rendered":"<p>A medida que las c\u00e1maras se hacen m\u00e1s peque\u00f1as y ligeras, tambi\u00e9n se vuelven m\u00e1s inestables y m\u00e1s sensibles al movimiento. A pesar de que buena parte de las c\u00e1maras actuales ya incorporan <strong>estabilizadores de imagen<\/strong>, este es un problema bastante habitual, especialmente en dispositivos m\u00f3viles. Por eso, siempre que sea posible, es recomendable estabilizar la c\u00e1mara a la hora de grabar para evitar temblores o movimientos no deseados, especialmente si se ha pensado hacer alguna panor\u00e1mica o alg\u00fan otro movimiento de c\u00e1mara.<\/p>\n<p><div class=\"featured featured-grey\"><p>Para mayor informaci\u00f3n sobre movimientos de c\u00e1mara, pod\u00e9is consultar<a href=\"https:\/\/es.wikipedia.org\/wiki\/Movimientos_de_c%C3%A1mara\" target=\"_blank\" rel=\"noopener\"> este art\u00edculo de Wikipedia<\/a><u>.<\/u><\/p>\n<\/div><u><\/u><\/p>\n<div class=\"featured featured-blue\"><p>Grabad con un tr\u00edpode o un palo de <em>selfie <\/em>(algunos modelos tambi\u00e9n incorporan la opci\u00f3n de incluir un tr\u00edpode), o bien, en caso de urgencia, tambi\u00e9n pod\u00e9is aprovechar alg\u00fan elemento del entorno que os pueda ayudar a apoyar un poco la c\u00e1mara (como una mesa, una silla o banco, un muro\u2026).<\/p>\n<\/div>\n","protected":false},"excerpt":{"rendered":"<p>A medida que las c\u00e1maras se hacen m\u00e1s peque\u00f1as y ligeras, tambi\u00e9n se vuelven m\u00e1s inestables y m\u00e1s sensibles al movimiento. A pesar de que buena parte de las c\u00e1maras actuales ya incorporan estabilizadores de imagen, este es un problema bastante habitual, especialmente en dispositivos m\u00f3viles. Por eso, siempre que sea posible, es recomendable estabilizar [&hellip;]<\/p>\n","protected":false},"author":2,"featured_media":0,"parent":0,"menu_order":0,"comment_status":"closed","ping_status":"closed","template":"","meta":{"_acf_changed":false,"footnotes":""},"acf":[],"_links":{"self":[{"href":"https:\/\/guia-edicio-video.aula.uoc.edu\/es\/wp-json\/wp\/v2\/pages\/558"}],"collection":[{"href":"https:\/\/guia-edicio-video.aula.uoc.edu\/es\/wp-json\/wp\/v2\/pages"}],"about":[{"href":"https:\/\/guia-edicio-video.aula.uoc.edu\/es\/wp-json\/wp\/v2\/types\/page"}],"author":[{"embeddable":true,"href":"https:\/\/guia-edicio-video.aula.uoc.edu\/es\/wp-json\/wp\/v2\/users\/2"}],"replies":[{"embeddable":true,"href":"https:\/\/guia-edicio-video.aula.uoc.edu\/es\/wp-json\/wp\/v2\/comments?post=558"}],"version-history":[{"count":3,"href":"https:\/\/guia-edicio-video.aula.uoc.edu\/es\/wp-json\/wp\/v2\/pages\/558\/revisions"}],"predecessor-version":[{"id":561,"href":"https:\/\/guia-edicio-video.aula.uoc.edu\/es\/wp-json\/wp\/v2\/pages\/558\/revisions\/561"}],"wp:attachment":[{"href":"https:\/\/guia-edicio-video.aula.uoc.edu\/es\/wp-json\/wp\/v2\/media?parent=558"}],"curies":[{"name":"wp","href":"https:\/\/api.w.org\/{rel}","templated":true}]}}