{"id":565,"date":"2024-06-14T12:09:47","date_gmt":"2024-06-14T10:09:47","guid":{"rendered":"https:\/\/guia-edicio-video-aula.azurewebsites.net\/?page_id=565"},"modified":"2024-08-02T12:19:15","modified_gmt":"2024-08-02T10:19:15","slug":"1-4-elegir-la-resolucion","status":"publish","type":"page","link":"https:\/\/guia-edicio-video.aula.uoc.edu\/es\/1-4-elegir-la-resolucion\/","title":{"rendered":"1.4. Elegir la resoluci\u00f3n"},"content":{"rendered":"<p>A la hora de grabar con la c\u00e1mara es relevante tener en cuenta el <strong>formato o formatos <\/strong>con los cuales permite grabar el dispositivo que se est\u00e9 utilizando, as\u00ed como su <strong>resoluci\u00f3n<\/strong>. Si se necesita un v\u00eddeo con buena calidad de imagen, entonces hay que ajustar la resoluci\u00f3n al m\u00e1ximo.<\/p>\n<p>En el men\u00fa de la c\u00e1mara se pueden encontrar diferentes opciones para seleccionar el formato y la resoluci\u00f3n. Hay que recordar que la calidad de imagen est\u00e1 ligada al <strong>tama\u00f1o <\/strong>del archivo; por lo tanto, cuanta m\u00e1s resoluci\u00f3n, m\u00e1s calidad, pero tambi\u00e9n ocupar\u00e1 m\u00e1s espacio de almacenamiento.<\/p>\n<div class=\"featured featured-blue\"><p>Seleccionad la resoluci\u00f3n m\u00e1xima. Despu\u00e9s, en el supuesto de que la quer\u00e1is reducir, siempre podr\u00e9is hacerlo. En cambio, a la inversa no: no podemos aumentar la calidad si se ha grabado en <strong>baja resoluci\u00f3n<\/strong>.<\/p>\n<\/div>\n","protected":false},"excerpt":{"rendered":"<p>A la hora de grabar con la c\u00e1mara es relevante tener en cuenta el formato o formatos con los cuales permite grabar el dispositivo que se est\u00e9 utilizando, as\u00ed como su resoluci\u00f3n. Si se necesita un v\u00eddeo con buena calidad de imagen, entonces hay que ajustar la resoluci\u00f3n al m\u00e1ximo. En el men\u00fa de la [&hellip;]<\/p>\n","protected":false},"author":2,"featured_media":0,"parent":0,"menu_order":0,"comment_status":"closed","ping_status":"closed","template":"","meta":{"_acf_changed":false,"footnotes":""},"acf":[],"_links":{"self":[{"href":"https:\/\/guia-edicio-video.aula.uoc.edu\/es\/wp-json\/wp\/v2\/pages\/565"}],"collection":[{"href":"https:\/\/guia-edicio-video.aula.uoc.edu\/es\/wp-json\/wp\/v2\/pages"}],"about":[{"href":"https:\/\/guia-edicio-video.aula.uoc.edu\/es\/wp-json\/wp\/v2\/types\/page"}],"author":[{"embeddable":true,"href":"https:\/\/guia-edicio-video.aula.uoc.edu\/es\/wp-json\/wp\/v2\/users\/2"}],"replies":[{"embeddable":true,"href":"https:\/\/guia-edicio-video.aula.uoc.edu\/es\/wp-json\/wp\/v2\/comments?post=565"}],"version-history":[{"count":1,"href":"https:\/\/guia-edicio-video.aula.uoc.edu\/es\/wp-json\/wp\/v2\/pages\/565\/revisions"}],"predecessor-version":[{"id":566,"href":"https:\/\/guia-edicio-video.aula.uoc.edu\/es\/wp-json\/wp\/v2\/pages\/565\/revisions\/566"}],"wp:attachment":[{"href":"https:\/\/guia-edicio-video.aula.uoc.edu\/es\/wp-json\/wp\/v2\/media?parent=565"}],"curies":[{"name":"wp","href":"https:\/\/api.w.org\/{rel}","templated":true}]}}