{"id":567,"date":"2024-06-14T12:11:26","date_gmt":"2024-06-14T10:11:26","guid":{"rendered":"https:\/\/guia-edicio-video-aula.azurewebsites.net\/?page_id=567"},"modified":"2024-08-02T14:02:34","modified_gmt":"2024-08-02T12:02:34","slug":"1-5-controlar-la-luz","status":"publish","type":"page","link":"https:\/\/guia-edicio-video.aula.uoc.edu\/es\/1-5-controlar-la-luz\/","title":{"rendered":"1.5. Controlar la luz"},"content":{"rendered":"<p>Este es un aspecto importante que se debe tener en cuenta. Nos podemos encontrar con lugares muy iluminados o bien con muy poca luz, as\u00ed como luz natural o artificial.<\/p>\n<p>Para controlar la luz, hay dos conceptos que hemos de tener en cuenta: el <strong>balance de blancos <\/strong>y la <strong>exposici\u00f3n. <\/strong>Actualmente, las c\u00e1maras disponen de configuraciones autom\u00e1ticas que permiten ajustar el balance de blancos y la exposici\u00f3n, a pesar de que tambi\u00e9n se puede hacer de forma manual.<\/p>\n<ul>\n<li>En cuanto al <strong>balance de blancos<\/strong>, hay que saber qu\u00e9 hace referencia a la <a href=\"https:\/\/ca.wikipedia.org\/wiki\/Temperatura_de_color\">temperatura de color<\/a>, y qu\u00e9 est\u00e1 relacionado directamente con la luz. Cuando se hace balance de blancos, se indica a la c\u00e1mara qu\u00e9 es blanco, de forma que ajusta este al resto de colores.<\/li>\n<\/ul>\n<div class=\"featured featured-grey\"><p>Normalmente, las c\u00e1maras tienen diferentes <strong>configuraciones predeterminadas <\/strong>para elegir dentro del balance de blancos, teniendo en cuenta si grabamos con luz d\u00eda, nublado o en interiores. Los m\u00e1s habituales son \u00abLuz d\u00eda\u00bb, \u00abTungsteno\u00bb, \u00abFluorescente\u00bb, \u00abNublado\u00bb, \u00abFlash\u00bb o el mismo modo autom\u00e1tico: \u00abAWB\u00bb (<em>Auto White Balance<\/em>), aconsejable para principiantes. Cuando se hace con la opci\u00f3n autom\u00e1tica, la c\u00e1mara determina el color de la luz y hace la correcci\u00f3n en funci\u00f3n de este c\u00e1lculo predeterminado. A pesar de que no es exacto ni fiable al 100 %, ha mejorado bastante en los \u00faltimos modelos de c\u00e1maras digitales.<\/p>\n<\/div>\n<ul>\n<li>La <strong>exposici\u00f3n <\/strong>tambi\u00e9n es un aspecto a tener en cuenta, y consiste en ajustar la cantidad de luz que la c\u00e1mara deja entrar. En las c\u00e1maras de v\u00eddeo es el iris (similar al diafragma de las c\u00e1maras fotogr\u00e1ficas).<br \/>\nTambi\u00e9n existe la opci\u00f3n \u00abGain\u00bb o ganancia, que permite amplificar electr\u00f3nicamente la se\u00f1al de luz cuando esta es muy escasa. El problema es que su utilizaci\u00f3n puede generar mucho ruido a la imagen (grano).<br \/>\nOtro elemento que nos puede permitir controlar qu\u00e9 est\u00e1 <strong>sobreexpuesto <\/strong>(es decir, qu\u00e9 est\u00e1 quemando la imagen) o <strong>subexpuesta <\/strong>(muy oscuro) es el patr\u00f3n Cebra, que nos permite testar la imagen y ver qu\u00e9 est\u00e1 quemando o en qu\u00e9 zonas no llega la luz para poderlo corregir.<\/li>\n<\/ul>\n<p>En cualquier caso, para evitar im\u00e1genes quemadas o contraluces, es recomendable no grabar directamente a la luz, sino que esta luz tendr\u00eda que provenir de atr\u00e1s o de los laterales del objeto o sujeto que se est\u00e1 enfocando. Si se usa luz natural, es importante tener en cuenta que esta puede cambiar de forma inesperada, por ejemplo, en funci\u00f3n de la <strong>meteorolog\u00eda <\/strong>(como por ejemplo con la presencia repentina de nubes), por lo cual habr\u00e1 que hacer los ajustes necesarios a fin de minimizar sus efectos en la calidad de la imagen.<\/p>\n<p>En el caso de <strong>im\u00e1genes nocturnas<\/strong>, hay que tener presente que grabar por la noche siempre acostumbra a ser m\u00e1s complicado, dependiendo de las posibilidades de la c\u00e1mara y de los conocimientos para ajustarla correctamente.<\/p>\n<div class=\"featured featured-blue\"><p>En el caso de tener poca experiencia o pocos conocimientos, se recomienda utilizar las configuraciones autom\u00e1ticas, as\u00ed como evitar lugares demasiado oscuros o por la noche.<\/p>\n<\/div>\n","protected":false},"excerpt":{"rendered":"<p>Este es un aspecto importante que se debe tener en cuenta. Nos podemos encontrar con lugares muy iluminados o bien con muy poca luz, as\u00ed como luz natural o artificial. Para controlar la luz, hay dos conceptos que hemos de tener en cuenta: el balance de blancos y la exposici\u00f3n. Actualmente, las c\u00e1maras disponen de [&hellip;]<\/p>\n","protected":false},"author":2,"featured_media":0,"parent":0,"menu_order":0,"comment_status":"closed","ping_status":"closed","template":"","meta":{"_acf_changed":false,"footnotes":""},"acf":[],"_links":{"self":[{"href":"https:\/\/guia-edicio-video.aula.uoc.edu\/es\/wp-json\/wp\/v2\/pages\/567"}],"collection":[{"href":"https:\/\/guia-edicio-video.aula.uoc.edu\/es\/wp-json\/wp\/v2\/pages"}],"about":[{"href":"https:\/\/guia-edicio-video.aula.uoc.edu\/es\/wp-json\/wp\/v2\/types\/page"}],"author":[{"embeddable":true,"href":"https:\/\/guia-edicio-video.aula.uoc.edu\/es\/wp-json\/wp\/v2\/users\/2"}],"replies":[{"embeddable":true,"href":"https:\/\/guia-edicio-video.aula.uoc.edu\/es\/wp-json\/wp\/v2\/comments?post=567"}],"version-history":[{"count":2,"href":"https:\/\/guia-edicio-video.aula.uoc.edu\/es\/wp-json\/wp\/v2\/pages\/567\/revisions"}],"predecessor-version":[{"id":688,"href":"https:\/\/guia-edicio-video.aula.uoc.edu\/es\/wp-json\/wp\/v2\/pages\/567\/revisions\/688"}],"wp:attachment":[{"href":"https:\/\/guia-edicio-video.aula.uoc.edu\/es\/wp-json\/wp\/v2\/media?parent=567"}],"curies":[{"name":"wp","href":"https:\/\/api.w.org\/{rel}","templated":true}]}}