{"id":570,"date":"2024-06-14T12:12:41","date_gmt":"2024-06-14T10:12:41","guid":{"rendered":"https:\/\/guia-edicio-video-aula.azurewebsites.net\/?page_id=570"},"modified":"2024-08-02T22:04:38","modified_gmt":"2024-08-02T20:04:38","slug":"1-6-cuidar-el-sonido","status":"publish","type":"page","link":"https:\/\/guia-edicio-video.aula.uoc.edu\/es\/1-6-cuidar-el-sonido\/","title":{"rendered":"1.6. Cuidar el sonido"},"content":{"rendered":"<p>Al grabar v\u00eddeos, la calidad del audio es tan importante como la calidad de la imagen. Hay que tener en cuenta que, en la mayor\u00eda de los casos, los micr\u00f3fonos internos incorporados a las c\u00e1maras de gama baja o mediana suelen tener poca calidad, y a menudo graban tambi\u00e9n los <strong>ruidos que genera la misma c\u00e1mara<\/strong>, as\u00ed como los <strong>ruidos externos<\/strong>.<\/p>\n<p>Para evitarlo, se puede utilizar un <strong>micr\u00f3fono externo<\/strong>, en el supuesto de que sea posible, y protegerlo del viento con un biombo para micr\u00f3fonos. Tambi\u00e9n se pueden encontrar soluciones m\u00e1s econ\u00f3micas, como a\u00f1adir un trozo de espuma o un calcet\u00edn en el micr\u00f3fono para paliar el ruido molesto del aire. Muchas veces, se pueden encontrar en el mercado tambi\u00e9n opciones muy econ\u00f3micas de protectores contra el viento para aparatos de grabaci\u00f3n de sonido.<\/p>\n<p>En el supuesto de que la c\u00e1mara no disponga de entrada de micr\u00f3fono, o que no dispongamos de un micr\u00f3fono, se puede utilizar una <strong>grabadora externa<\/strong>. Una posibilidad es utilizar la de un <em>smartphone <\/em>o tableta, puesto que la mayor\u00eda incorporan una.<\/p>\n<p>Despu\u00e9s, durante el proceso de edici\u00f3n, se tendr\u00e1 que a\u00f1adir este audio grabado por separado y sincronizarlo con el v\u00eddeo. En este sentido, y para facilitar esta tarea de sincronizaci\u00f3n, se puede hacer una se\u00f1al sonora indicativa durante la grabaci\u00f3n, como por ejemplo una picadura de manos, para saber el punto donde empieza.<\/p>\n<p>En el supuesto de que se tengan que hacer entrevistas, tambi\u00e9n se recomienda <strong>evitar lugares ruidosos<\/strong>, en la medida de lo posible.<\/p>\n<div class=\"featured featured-blue\"><p>Utilizad una grabadora o micr\u00f3fono y, en el caso de entrevistas, si puede ser, evitad lugares ruidosos.<\/p>\n<\/div>\n","protected":false},"excerpt":{"rendered":"<p>Al grabar v\u00eddeos, la calidad del audio es tan importante como la calidad de la imagen. Hay que tener en cuenta que, en la mayor\u00eda de los casos, los micr\u00f3fonos internos incorporados a las c\u00e1maras de gama baja o mediana suelen tener poca calidad, y a menudo graban tambi\u00e9n los ruidos que genera la misma [&hellip;]<\/p>\n","protected":false},"author":2,"featured_media":0,"parent":0,"menu_order":0,"comment_status":"closed","ping_status":"closed","template":"","meta":{"_acf_changed":false,"footnotes":""},"acf":[],"_links":{"self":[{"href":"https:\/\/guia-edicio-video.aula.uoc.edu\/es\/wp-json\/wp\/v2\/pages\/570"}],"collection":[{"href":"https:\/\/guia-edicio-video.aula.uoc.edu\/es\/wp-json\/wp\/v2\/pages"}],"about":[{"href":"https:\/\/guia-edicio-video.aula.uoc.edu\/es\/wp-json\/wp\/v2\/types\/page"}],"author":[{"embeddable":true,"href":"https:\/\/guia-edicio-video.aula.uoc.edu\/es\/wp-json\/wp\/v2\/users\/2"}],"replies":[{"embeddable":true,"href":"https:\/\/guia-edicio-video.aula.uoc.edu\/es\/wp-json\/wp\/v2\/comments?post=570"}],"version-history":[{"count":2,"href":"https:\/\/guia-edicio-video.aula.uoc.edu\/es\/wp-json\/wp\/v2\/pages\/570\/revisions"}],"predecessor-version":[{"id":694,"href":"https:\/\/guia-edicio-video.aula.uoc.edu\/es\/wp-json\/wp\/v2\/pages\/570\/revisions\/694"}],"wp:attachment":[{"href":"https:\/\/guia-edicio-video.aula.uoc.edu\/es\/wp-json\/wp\/v2\/media?parent=570"}],"curies":[{"name":"wp","href":"https:\/\/api.w.org\/{rel}","templated":true}]}}