{"id":577,"date":"2024-06-12T12:04:17","date_gmt":"2024-06-12T10:04:17","guid":{"rendered":"https:\/\/guia-edicio-video-aula.azurewebsites.net\/?page_id=577"},"modified":"2024-08-03T20:00:01","modified_gmt":"2024-08-03T18:00:01","slug":"1-7-2-limpiar-la-lente","status":"publish","type":"page","link":"https:\/\/guia-edicio-video.aula.uoc.edu\/es\/1-7-2-limpiar-la-lente\/","title":{"rendered":"1.7.2. Limpiar la lente"},"content":{"rendered":"<div class=\"mceTemp\"><\/div>\n<p>A pesar de que es una recomendaci\u00f3n extensible a cualquier c\u00e1mara, los <em>smartphones <\/em>o tabletas son dispositivos que se tocan a menudo a lo largo del d\u00eda. Esto hace que el cristal de la c\u00e1mara sea m\u00e1s vulnerable a tener restos de <strong>huellas<\/strong>, <strong>grasa <\/strong>y <strong>polvo<\/strong>.<\/p>\n<div class=\"featured featured-blue\"><p>Utilizad una parte suave de un trozo de ropa o un trapo de microfibra, esto os permitir\u00e1 dejar la lente limpia, lista para grabar de manera n\u00edtida.<\/p>\n<\/div>\n<div id=\"gtx-trans\" style=\"position: absolute; left: 536px; top: 49px;\">\n<div class=\"gtx-trans-icon\"><\/div>\n<\/div>\n","protected":false},"excerpt":{"rendered":"<p>A pesar de que es una recomendaci\u00f3n extensible a cualquier c\u00e1mara, los smartphones o tabletas son dispositivos que se tocan a menudo a lo largo del d\u00eda. Esto hace que el cristal de la c\u00e1mara sea m\u00e1s vulnerable a tener restos de huellas, grasa y polvo.<\/p>\n","protected":false},"author":2,"featured_media":0,"parent":0,"menu_order":0,"comment_status":"closed","ping_status":"closed","template":"","meta":{"_acf_changed":false,"footnotes":""},"acf":[],"_links":{"self":[{"href":"https:\/\/guia-edicio-video.aula.uoc.edu\/es\/wp-json\/wp\/v2\/pages\/577"}],"collection":[{"href":"https:\/\/guia-edicio-video.aula.uoc.edu\/es\/wp-json\/wp\/v2\/pages"}],"about":[{"href":"https:\/\/guia-edicio-video.aula.uoc.edu\/es\/wp-json\/wp\/v2\/types\/page"}],"author":[{"embeddable":true,"href":"https:\/\/guia-edicio-video.aula.uoc.edu\/es\/wp-json\/wp\/v2\/users\/2"}],"replies":[{"embeddable":true,"href":"https:\/\/guia-edicio-video.aula.uoc.edu\/es\/wp-json\/wp\/v2\/comments?post=577"}],"version-history":[{"count":2,"href":"https:\/\/guia-edicio-video.aula.uoc.edu\/es\/wp-json\/wp\/v2\/pages\/577\/revisions"}],"predecessor-version":[{"id":695,"href":"https:\/\/guia-edicio-video.aula.uoc.edu\/es\/wp-json\/wp\/v2\/pages\/577\/revisions\/695"}],"wp:attachment":[{"href":"https:\/\/guia-edicio-video.aula.uoc.edu\/es\/wp-json\/wp\/v2\/media?parent=577"}],"curies":[{"name":"wp","href":"https:\/\/api.w.org\/{rel}","templated":true}]}}