{"id":579,"date":"2024-06-12T12:19:14","date_gmt":"2024-06-12T10:19:14","guid":{"rendered":"https:\/\/guia-edicio-video-aula.azurewebsites.net\/?page_id=579"},"modified":"2024-08-02T12:29:58","modified_gmt":"2024-08-02T10:29:58","slug":"1-7-3-grabar-el-video-en-horizontal","status":"publish","type":"page","link":"https:\/\/guia-edicio-video.aula.uoc.edu\/es\/1-7-3-grabar-el-video-en-horizontal\/","title":{"rendered":"1.7.3. Grabar el v\u00eddeo en horizontal"},"content":{"rendered":"<p>Con el <em>smartphone <\/em>o la tableta, hace falta <strong>evitar <\/strong>grabar en vertical. Grabar en esta posici\u00f3n, en vertical, es una tendencia bastante habitual con el <em>smartphone<\/em>, puesto que este se acostumbra a utilizar en esta posici\u00f3n para la mayor\u00eda de los usos.<\/p>\n<figure id=\"attachment_196\" aria-describedby=\"caption-attachment-196\" style=\"width: 640px\" class=\"wp-caption alignnone\"><img loading=\"lazy\" decoding=\"async\" class=\"wp-image-196 size-large\" src=\"\/wp-content\/uploads\/2024\/06\/Captura-de-pantalla-2024-06-12-a-les-12.10.11-1024x436.png\" alt=\"\" width=\"640\" height=\"273\" srcset=\"\/wp-content\/uploads\/2024\/06\/Captura-de-pantalla-2024-06-12-a-les-12.10.11-1024x436.png 1024w, \/wp-content\/uploads\/2024\/06\/Captura-de-pantalla-2024-06-12-a-les-12.10.11-300x128.png 300w, \/wp-content\/uploads\/2024\/06\/Captura-de-pantalla-2024-06-12-a-les-12.10.11-768x327.png 768w, \/wp-content\/uploads\/2024\/06\/Captura-de-pantalla-2024-06-12-a-les-12.10.11-1536x654.png 1536w, \/wp-content\/uploads\/2024\/06\/Captura-de-pantalla-2024-06-12-a-les-12.10.11-2048x872.png 2048w\" sizes=\"(max-width: 640px) 100vw, 640px\" \/><figcaption id=\"caption-attachment-196\" class=\"wp-caption-text\">Fuente: Pixabay.<\/figcaption><\/figure>\n<p>Hay que tener en cuenta que cuando se graba con una c\u00e1mara de v\u00eddeo normalmente no se acostumbra a hacer en vertical, salvo que se quiera hacer expresamente de este modo. No supondr\u00eda un problema si la visualizaci\u00f3n del v\u00eddeo solo se hiciera en <em>smartphones<\/em>. <strong>El problema aparece cuando el v\u00eddeo se visualiza en otras pantallas<\/strong>, como la de los <strong>ordenadores <\/strong>o <strong>televisores<\/strong>, que son horizontales, y actualmente en una proporci\u00f3n de pantalla 16:9. En este caso, cuando se visualiza una imagen grabada en vertical, aparecen unas franjas negras a los lados, puesto que las proporciones est\u00e1n invertidas. Es por eso que se recomienda grabar en horizontal con los dispositivos m\u00f3viles.<\/p>\n<div class=\"featured featured-grey\"><p>El resultado de hacerlo de manera incorrecta se puede ver en los siguientes ejemplos:<\/p>\n<figure id=\"attachment_77\" aria-describedby=\"caption-attachment-77\" style=\"width: 640px\" class=\"wp-caption alignnone\"><img loading=\"lazy\" decoding=\"async\" class=\"wp-image-77 size-large\" src=\"\/wp-content\/uploads\/2024\/06\/image012-1024x576.png\" alt=\"\" width=\"640\" height=\"360\" srcset=\"\/wp-content\/uploads\/2024\/06\/image012-1024x576.png 1024w, \/wp-content\/uploads\/2024\/06\/image012-300x169.png 300w, \/wp-content\/uploads\/2024\/06\/image012-768x432.png 768w, \/wp-content\/uploads\/2024\/06\/image012-1536x864.png 1536w, \/wp-content\/uploads\/2024\/06\/image012.png 1600w\" sizes=\"(max-width: 640px) 100vw, 640px\" \/><figcaption id=\"caption-attachment-77\" class=\"wp-caption-text\">Horizontal (recomendable)<\/figcaption><\/figure>\n<figure id=\"attachment_83\" aria-describedby=\"caption-attachment-83\" style=\"width: 640px\" class=\"wp-caption alignnone\"><img loading=\"lazy\" decoding=\"async\" class=\"wp-image-83 size-large\" src=\"\/wp-content\/uploads\/2024\/06\/image014-1024x576.png\" alt=\"\" width=\"640\" height=\"360\" srcset=\"\/wp-content\/uploads\/2024\/06\/image014-1024x576.png 1024w, \/wp-content\/uploads\/2024\/06\/image014-300x169.png 300w, \/wp-content\/uploads\/2024\/06\/image014-768x432.png 768w, \/wp-content\/uploads\/2024\/06\/image014-1536x864.png 1536w, \/wp-content\/uploads\/2024\/06\/image014.png 1600w\" sizes=\"(max-width: 640px) 100vw, 640px\" \/><figcaption id=\"caption-attachment-83\" class=\"wp-caption-text\">Vertical (no recomendable)<\/figcaption><\/figure>\n<p>\n<\/div>\n<p>Tambi\u00e9n es importante buscar una l\u00ednea de referencia en el <strong>horizonte <\/strong>para no torcer la grabaci\u00f3n y evitar que se visualice inclinado.<\/p>\n<div class=\"featured featured-blue\"><p>Poned el dispositivo en horizontal y buscad una referencia en el horizonte.<\/p>\n<\/div>\n<div class=\"featured featured-grey\"><p>Una excepci\u00f3n ser\u00eda <strong>Instagram. <\/strong>Esta plataforma, consciente de la diversidad de preferencias de sus usuarios, permite dos versiones diferentes de filmar v\u00eddeos, en vertical y en horizontal. Esto hace que la plataforma sea m\u00e1s inclusiva para todo tipo de usuarios, reflejando las din\u00e1micas actuales de consumo de contenido en l\u00ednea. As\u00ed, si prefer\u00eds mirar v\u00eddeos en pantalla completa en modo horizontal o encajados en la pantalla de vuestro dispositivo en modo vertical, Instagram ha procurado adaptarse a las preferencias de visualizaci\u00f3n de sus usuarios. Las publicaciones en vertical de <strong>Instagram <\/strong>se limitan a 60 segundos en el caso de los <em>reels<\/em>, y a 15 segundos en el caso de las <em>stories<\/em>. Los dos tipos de contenidos tienen la funci\u00f3n de crear contenido divertido y entretenido y son perfectos para las empresas que quieren mostrar sus productos o servicios de manera innovadora. Facebook, TikTok y Snapchat tambi\u00e9n tienen la opci\u00f3n de compartir sus contenidos en v\u00eddeos filmados en vertical.<\/p>\n<\/div>\n","protected":false},"excerpt":{"rendered":"<p>Con el smartphone o la tableta, hace falta evitar grabar en vertical. Grabar en esta posici\u00f3n, en vertical, es una tendencia bastante habitual con el smartphone, puesto que este se acostumbra a utilizar en esta posici\u00f3n para la mayor\u00eda de los usos. Hay que tener en cuenta que cuando se graba con una c\u00e1mara de [&hellip;]<\/p>\n","protected":false},"author":2,"featured_media":0,"parent":0,"menu_order":0,"comment_status":"closed","ping_status":"closed","template":"","meta":{"_acf_changed":false,"footnotes":""},"acf":[],"_links":{"self":[{"href":"https:\/\/guia-edicio-video.aula.uoc.edu\/es\/wp-json\/wp\/v2\/pages\/579"}],"collection":[{"href":"https:\/\/guia-edicio-video.aula.uoc.edu\/es\/wp-json\/wp\/v2\/pages"}],"about":[{"href":"https:\/\/guia-edicio-video.aula.uoc.edu\/es\/wp-json\/wp\/v2\/types\/page"}],"author":[{"embeddable":true,"href":"https:\/\/guia-edicio-video.aula.uoc.edu\/es\/wp-json\/wp\/v2\/users\/2"}],"replies":[{"embeddable":true,"href":"https:\/\/guia-edicio-video.aula.uoc.edu\/es\/wp-json\/wp\/v2\/comments?post=579"}],"version-history":[{"count":2,"href":"https:\/\/guia-edicio-video.aula.uoc.edu\/es\/wp-json\/wp\/v2\/pages\/579\/revisions"}],"predecessor-version":[{"id":696,"href":"https:\/\/guia-edicio-video.aula.uoc.edu\/es\/wp-json\/wp\/v2\/pages\/579\/revisions\/696"}],"wp:attachment":[{"href":"https:\/\/guia-edicio-video.aula.uoc.edu\/es\/wp-json\/wp\/v2\/media?parent=579"}],"curies":[{"name":"wp","href":"https:\/\/api.w.org\/{rel}","templated":true}]}}