{"id":581,"date":"2024-06-14T12:25:02","date_gmt":"2024-06-14T10:25:02","guid":{"rendered":"https:\/\/guia-edicio-video-aula.azurewebsites.net\/?page_id=581"},"modified":"2024-08-02T12:33:40","modified_gmt":"2024-08-02T10:33:40","slug":"1-7-4-otras-recomendaciones","status":"publish","type":"page","link":"https:\/\/guia-edicio-video.aula.uoc.edu\/es\/1-7-4-otras-recomendaciones\/","title":{"rendered":"1.7.4. Otras recomendaciones"},"content":{"rendered":"<h4><strong>Vigilar con el zoom digital<\/strong><\/h4>\n<p>Los <em>smartphones <\/em>y tabletas incorporan un zoom digital, pero cuando se aplica a una grabaci\u00f3n hay que tener cuidado porque, a diferencia del zoom \u00f3ptico, el zoom digital no mueve las lentes, sino que simplemente ampl\u00eda digitalmente la imagen, con una <strong>p\u00e9rdida significativa de calidad<\/strong>. A pesar de utilizar interpolaci\u00f3n para mejorarla, a menudo da como resultado una imagen pixelada o borrosa.<\/p>\n<p>Una propuesta es utilizar movimientos suaves, acerc\u00e1ndose o alej\u00e1ndose con cuidado.<\/p>\n<div class=\"featured featured-blue\"><p>Evitad manipular el zoom digital.<\/p>\n<\/div>\n<h4><strong>Bater\u00eda y memoria interna<\/strong><\/h4>\n<p>Grabar v\u00eddeos implica la utilizaci\u00f3n de la capacidad de almacenamiento y un alto consumo de energ\u00eda de la bater\u00eda del <em>smartphone <\/em>o tableta. As\u00ed pues, antes de grabar hay que asegurar la cantidad disponible de <strong>memoria interna <\/strong>o de la <strong>tarjeta de memoria<\/strong>, y en qu\u00e9 niveles se encuentra la carga el\u00e9ctrica de la bater\u00eda.<\/p>\n<div class=\"featured featured-blue\"><p>Cargad la bater\u00eda y haced espacio en la memoria interna o tarjeta de memoria. Si puede ser, procurad disponer de una <strong>bater\u00eda externa <\/strong>y de una tarjeta de <strong>memoria adicional<\/strong>.<\/p>\n<\/div>\n<h4><strong>Estabilidad<\/strong><\/h4>\n<p>A la hora de grabar v\u00eddeos con el tel\u00e9fono m\u00f3vil hay que tener cuidado con los movimientos a la hora de hacer las tomas, evitando <strong>desplazamientos <\/strong>bruscos o r\u00e1pidos, puesto que pueden resultar molestos cuando se visiona la imagen. Por ejemplo, si se ha sopesado como necesario hacer una panor\u00e1mica y no se dispone de ning\u00fan apoyo (como un tr\u00edpode), hay que cuidar el balance y mover el cuerpo lentamente, con el <em>smartphone <\/em>sostenido firme en las manos, para que el barrido en la reproducci\u00f3n no cause sensaci\u00f3n de mareo al espectador. Una buena opci\u00f3n de portabilidad es llevar un <strong>tr\u00edpode <\/strong>para tel\u00e9fono m\u00f3vil, que es un apoyo dise\u00f1ado espec\u00edficamente para sostener los tel\u00e9fonos m\u00f3viles mientras se graba un v\u00eddeo o se toma una imagen.<\/p>\n<div class=\"featured featured-blue\"><p>Haced movimientos lentos y controlados. Una manera de conseguir estabilidad es con una posici\u00f3n \u00f3ptima del <strong>cuerpo<\/strong>, con las piernas un poco separadas.<\/p>\n<\/div>\n<h4><strong>Audio<\/strong><\/h4>\n<p>Tenemos que asegurar que no se est\u00e1 bloqueando el micr\u00f3fono del <em>smartphone<\/em> o tableta con las manos.<\/p>\n<div class=\"featured featured-blue\"><p>Tened localizado <strong>d\u00f3nde est\u00e1 situado el micr\u00f3fono <\/strong>y vigilad de no tocarlo o taparlo durante la grabaci\u00f3n.<\/p>\n<\/div>\n<div id=\"gtx-trans\" style=\"position: absolute; left: -102px; top: 604.859px;\">\n<div class=\"gtx-trans-icon\"><\/div>\n<\/div>\n","protected":false},"excerpt":{"rendered":"<p>Vigilar con el zoom digital Los smartphones y tabletas incorporan un zoom digital, pero cuando se aplica a una grabaci\u00f3n hay que tener cuidado porque, a diferencia del zoom \u00f3ptico, el zoom digital no mueve las lentes, sino que simplemente ampl\u00eda digitalmente la imagen, con una p\u00e9rdida significativa de calidad. A pesar de utilizar interpolaci\u00f3n [&hellip;]<\/p>\n","protected":false},"author":2,"featured_media":0,"parent":0,"menu_order":0,"comment_status":"closed","ping_status":"closed","template":"","meta":{"_acf_changed":false,"footnotes":""},"acf":[],"_links":{"self":[{"href":"https:\/\/guia-edicio-video.aula.uoc.edu\/es\/wp-json\/wp\/v2\/pages\/581"}],"collection":[{"href":"https:\/\/guia-edicio-video.aula.uoc.edu\/es\/wp-json\/wp\/v2\/pages"}],"about":[{"href":"https:\/\/guia-edicio-video.aula.uoc.edu\/es\/wp-json\/wp\/v2\/types\/page"}],"author":[{"embeddable":true,"href":"https:\/\/guia-edicio-video.aula.uoc.edu\/es\/wp-json\/wp\/v2\/users\/2"}],"replies":[{"embeddable":true,"href":"https:\/\/guia-edicio-video.aula.uoc.edu\/es\/wp-json\/wp\/v2\/comments?post=581"}],"version-history":[{"count":2,"href":"https:\/\/guia-edicio-video.aula.uoc.edu\/es\/wp-json\/wp\/v2\/pages\/581\/revisions"}],"predecessor-version":[{"id":584,"href":"https:\/\/guia-edicio-video.aula.uoc.edu\/es\/wp-json\/wp\/v2\/pages\/581\/revisions\/584"}],"wp:attachment":[{"href":"https:\/\/guia-edicio-video.aula.uoc.edu\/es\/wp-json\/wp\/v2\/media?parent=581"}],"curies":[{"name":"wp","href":"https:\/\/api.w.org\/{rel}","templated":true}]}}