{"id":585,"date":"2024-06-12T12:28:24","date_gmt":"2024-06-12T10:28:24","guid":{"rendered":"https:\/\/guia-edicio-video-aula.azurewebsites.net\/?page_id=585"},"modified":"2024-08-03T20:05:42","modified_gmt":"2024-08-03T18:05:42","slug":"2-1-formato-de-video","status":"publish","type":"page","link":"https:\/\/guia-edicio-video.aula.uoc.edu\/es\/2-1-formato-de-video\/","title":{"rendered":"2.1. Formato de v\u00eddeo"},"content":{"rendered":"<p>Cuando se habla de <strong>formatos <\/strong>en v\u00eddeo digital, muchas veces se mezclan conceptos como <em>c\u00f3dec <\/em>o <em>contenedor <\/em>que pueden generar confusiones, puesto que, en general, entendemos <em>formato <\/em>como el tipo de archivo o extensi\u00f3n. Sin embargo, en el caso del v\u00eddeo es un poco diferente.<\/p>\n<figure id=\"attachment_89\" aria-describedby=\"caption-attachment-89\" style=\"width: 640px\" class=\"wp-caption alignnone\"><img loading=\"lazy\" decoding=\"async\" class=\"wp-image-89 size-large\" src=\"\/wp-content\/uploads\/2024\/06\/image016-e1718274094272-989x1024.jpg\" alt=\"\" width=\"640\" height=\"663\" \/><figcaption id=\"caption-attachment-89\" class=\"wp-caption-text\">Fuente: <a href=\"https:\/\/www.pexels.com\/photo\/woman-editing-video-on-computer-7667446\/\" target=\"_blank\" rel=\"noopener\">Pexels<\/a>.<\/figcaption><\/figure>\n<div class=\"featured featured-blue\"><p>Es importante tener una idea de estos conceptos, porque puede ser la causa de que no se pueda abrir un v\u00eddeo en el editor, de que no podamos subir un v\u00eddeo a una plataforma o de que no se reproduzca correctamente en el reproductor. Puede pasar, por lo tanto, que el <em>software <\/em>en cuesti\u00f3n sea incapaz de leer lo que lleva el archivo, puesto que no <strong>puede interpretar los c\u00f3decs<\/strong>. Se trata de problemas habituales entre los usuarios de v\u00eddeo.<\/p>\n<\/div>\n<p>Despu\u00e9s profundizaremos en estos aspectos, pero, de manera introductoria, pongamos que un archivo de v\u00eddeo est\u00e1 formado por un <strong>contenedor <\/strong>(<em>container<\/em>), que podr\u00edamos definir como una caja o embalaje que guarda de manera encapsulada el contenido de este archivo, principalmente datos de audio, v\u00eddeo y texto. Para abrir todo lo que lleva dentro de manera eficiente son necesarios unos codificadores\/descodificadores de se\u00f1ales de v\u00eddeo y audio, esto son los <strong>c\u00f3decs<\/strong>, que sirven, entre otras cosas, para interpretar esta informaci\u00f3n y tambi\u00e9n para <strong>comprimir y descomprimir <\/strong>toda esta informaci\u00f3n encapsulada.<\/p>\n<p>Todo ello forma parte del archivo de v\u00eddeo. Y el formato de v\u00eddeo ser\u00eda la estructura de este archivo o contenedor AVI, que es un formato de contenedor multimedia y un est\u00e1ndar de Windows introducido por Microsoft el noviembre de 1992.<\/p>\n<figure id=\"attachment_92\" aria-describedby=\"caption-attachment-92\" style=\"width: 350px\" class=\"wp-caption alignnone\"><img loading=\"lazy\" decoding=\"async\" class=\"wp-image-92\" src=\"\/wp-content\/uploads\/2024\/06\/image017.png\" alt=\"\" width=\"350\" height=\"482\" srcset=\"\/wp-content\/uploads\/2024\/06\/image017.png 578w, \/wp-content\/uploads\/2024\/06\/image017-218x300.png 218w\" sizes=\"(max-width: 350px) 100vw, 350px\" \/><figcaption id=\"caption-attachment-92\" class=\"wp-caption-text\">Fuente: Wikimedia.org.<\/figcaption><\/figure>\n<p>A continuaci\u00f3n, veremos estos conceptos con algo m\u00e1s de detenimiento.<\/p>\n","protected":false},"excerpt":{"rendered":"<p>Cuando se habla de formatos en v\u00eddeo digital, muchas veces se mezclan conceptos como c\u00f3dec o contenedor que pueden generar confusiones, puesto que, en general, entendemos formato como el tipo de archivo o extensi\u00f3n. Sin embargo, en el caso del v\u00eddeo es un poco diferente. Despu\u00e9s profundizaremos en estos aspectos, pero, de manera introductoria, pongamos [&hellip;]<\/p>\n","protected":false},"author":2,"featured_media":0,"parent":0,"menu_order":0,"comment_status":"closed","ping_status":"closed","template":"","meta":{"_acf_changed":false,"footnotes":""},"acf":[],"_links":{"self":[{"href":"https:\/\/guia-edicio-video.aula.uoc.edu\/es\/wp-json\/wp\/v2\/pages\/585"}],"collection":[{"href":"https:\/\/guia-edicio-video.aula.uoc.edu\/es\/wp-json\/wp\/v2\/pages"}],"about":[{"href":"https:\/\/guia-edicio-video.aula.uoc.edu\/es\/wp-json\/wp\/v2\/types\/page"}],"author":[{"embeddable":true,"href":"https:\/\/guia-edicio-video.aula.uoc.edu\/es\/wp-json\/wp\/v2\/users\/2"}],"replies":[{"embeddable":true,"href":"https:\/\/guia-edicio-video.aula.uoc.edu\/es\/wp-json\/wp\/v2\/comments?post=585"}],"version-history":[{"count":3,"href":"https:\/\/guia-edicio-video.aula.uoc.edu\/es\/wp-json\/wp\/v2\/pages\/585\/revisions"}],"predecessor-version":[{"id":698,"href":"https:\/\/guia-edicio-video.aula.uoc.edu\/es\/wp-json\/wp\/v2\/pages\/585\/revisions\/698"}],"wp:attachment":[{"href":"https:\/\/guia-edicio-video.aula.uoc.edu\/es\/wp-json\/wp\/v2\/media?parent=585"}],"curies":[{"name":"wp","href":"https:\/\/api.w.org\/{rel}","templated":true}]}}