{"id":587,"date":"2024-06-12T12:31:39","date_gmt":"2024-06-12T10:31:39","guid":{"rendered":"https:\/\/guia-edicio-video-aula.azurewebsites.net\/?page_id=587"},"modified":"2024-08-02T12:36:34","modified_gmt":"2024-08-02T10:36:34","slug":"2-2-1-que-es-la-compresion-de-un-video","status":"publish","type":"page","link":"https:\/\/guia-edicio-video.aula.uoc.edu\/es\/2-2-1-que-es-la-compresion-de-un-video\/","title":{"rendered":"2.2.1. \u00bfQu\u00e9 es la compresi\u00f3n de un v\u00eddeo?"},"content":{"rendered":"<p>La compresi\u00f3n de v\u00eddeo se refiere a la <strong>reducci\u00f3n <\/strong>del n\u00famero de datos usado para representar im\u00e1genes de v\u00eddeo digital y es una combinaci\u00f3n de la compresi\u00f3n de im\u00e1genes y compensaci\u00f3n de movimiento temporal. Con este proceso se reduce el espacio, eliminando informaci\u00f3n redundante o de bajo impacto perceptivo, pero que tambi\u00e9n puede comportar una p\u00e9rdida de calidad.<\/p>\n","protected":false},"excerpt":{"rendered":"<p>La compresi\u00f3n de v\u00eddeo se refiere a la reducci\u00f3n del n\u00famero de datos usado para representar im\u00e1genes de v\u00eddeo digital y es una combinaci\u00f3n de la compresi\u00f3n de im\u00e1genes y compensaci\u00f3n de movimiento temporal. Con este proceso se reduce el espacio, eliminando informaci\u00f3n redundante o de bajo impacto perceptivo, pero que tambi\u00e9n puede comportar una [&hellip;]<\/p>\n","protected":false},"author":2,"featured_media":0,"parent":0,"menu_order":0,"comment_status":"closed","ping_status":"closed","template":"","meta":{"_acf_changed":false,"footnotes":""},"acf":[],"_links":{"self":[{"href":"https:\/\/guia-edicio-video.aula.uoc.edu\/es\/wp-json\/wp\/v2\/pages\/587"}],"collection":[{"href":"https:\/\/guia-edicio-video.aula.uoc.edu\/es\/wp-json\/wp\/v2\/pages"}],"about":[{"href":"https:\/\/guia-edicio-video.aula.uoc.edu\/es\/wp-json\/wp\/v2\/types\/page"}],"author":[{"embeddable":true,"href":"https:\/\/guia-edicio-video.aula.uoc.edu\/es\/wp-json\/wp\/v2\/users\/2"}],"replies":[{"embeddable":true,"href":"https:\/\/guia-edicio-video.aula.uoc.edu\/es\/wp-json\/wp\/v2\/comments?post=587"}],"version-history":[{"count":1,"href":"https:\/\/guia-edicio-video.aula.uoc.edu\/es\/wp-json\/wp\/v2\/pages\/587\/revisions"}],"predecessor-version":[{"id":588,"href":"https:\/\/guia-edicio-video.aula.uoc.edu\/es\/wp-json\/wp\/v2\/pages\/587\/revisions\/588"}],"wp:attachment":[{"href":"https:\/\/guia-edicio-video.aula.uoc.edu\/es\/wp-json\/wp\/v2\/media?parent=587"}],"curies":[{"name":"wp","href":"https:\/\/api.w.org\/{rel}","templated":true}]}}