{"id":589,"date":"2024-06-12T12:34:06","date_gmt":"2024-06-12T10:34:06","guid":{"rendered":"https:\/\/guia-edicio-video-aula.azurewebsites.net\/?page_id=589"},"modified":"2024-08-02T12:38:13","modified_gmt":"2024-08-02T10:38:13","slug":"2-2-2-que-es-un-codec","status":"publish","type":"page","link":"https:\/\/guia-edicio-video.aula.uoc.edu\/es\/2-2-2-que-es-un-codec\/","title":{"rendered":"2.2.2. \u00bfQu\u00e9 es un c\u00f3dec?"},"content":{"rendered":"<p>C\u00f3mo hemos explicado a comienzos de este apartado, el c\u00f3dec permite codificar y descodificar los contenidos de v\u00eddeo, audio y texto, y permite comprimir y descomprimir toda la informaci\u00f3n encapsulada dentro del archivo contenedor. Es decir, es una <strong>especificaci\u00f3n sobre c\u00f3mo codificar un tipo de informaci\u00f3n y despu\u00e9s poderla descodificar<\/strong>.<\/p>\n<p>En cuanto a c\u00f3decs de v\u00eddeo, entre los m\u00e1s habituales hay:<\/p>\n<ul>\n<li><strong>264<\/strong>. Tambi\u00e9n conocido como AVC y muy usado para exportar v\u00eddeos y subirlos a diferentes plataformas de la red. Creado el 2003, ha ido evolucionando, produciendo una alta calidad de v\u00eddeo y manteniendo su tasa de bits baja. La H.264 es uno de los formatos m\u00e1s actuales de v\u00eddeo y tiene un dise\u00f1o de estructura sencillo y con un formato flexible para conseguir su uso masivo. La H.264 es el candidato ideal para utilizar como formato YouTube o cualquier herramienta para la transmisi\u00f3n por internet.<\/li>\n<li><strong>265 y VP9<\/strong>. La H.265 es un c\u00f3dec con licencia, lo que significa que se tiene que pagar para utilizarlo. Su principal competidor, VP9, es un c\u00f3dec desarrollado por Google, libre de derechos de autor y de c\u00f3digo abierto. Esto quiere decir que cualquiera puede usar el c\u00f3dec para comprimir sus v\u00eddeos sin necesidad de licencia. En general, VP9 produce flujos m\u00e1s consistentes o m\u00e1s fiables, mientras que H.265 (HEVC) produce v\u00eddeos de mayor calidad. La H.265 es el primer c\u00f3dec que soporta la resoluci\u00f3n 8K, lo cual lo convierte en un innovador en la industria.<\/li>\n<li><strong>AV1<\/strong>. Excelente alternativa a la H.265, y de c\u00f3digo abierto y libre de derechos de autor. En otras palabras, este es uno de los mejores c\u00f3decs de v\u00eddeo gratuitos disponibles en el mercado. Las capacidades de descodificaci\u00f3n de AV1 todav\u00eda no est\u00e1n totalmente integradas a gran escala, pero sus creadores aseguran que es un 30 % m\u00e1s eficiente que su competidor H.265.<\/li>\n<li><strong>DIVX<\/strong>. Se caracteriza para ser el primer c\u00f3dec de v\u00eddeo que se us\u00f3 en las primeras pel\u00edculas en formato DVD V\u00eddeo para reducir el tama\u00f1o y grabar este contenido en un CD. Permite dar unas im\u00e1genes de calidad parecida al DVD pero necesitando menos capacidad de almacenamiento. Para visualizar v\u00eddeos con DIVX hace falta instalar descodificadores o c\u00f3decs que funcionan casi siempre con <em>plugins<\/em>. Formato que ha quedado obsoleto.<\/li>\n<\/ul>\n<p>En cuanto a c\u00f3decs de audio, entre los m\u00e1s populares encontramos <strong>AAC<\/strong>, <strong>FLACO<\/strong>, <strong>MP3 <\/strong>y <strong>OGG Vorbis<\/strong>.<\/p>\n","protected":false},"excerpt":{"rendered":"<p>C\u00f3mo hemos explicado a comienzos de este apartado, el c\u00f3dec permite codificar y descodificar los contenidos de v\u00eddeo, audio y texto, y permite comprimir y descomprimir toda la informaci\u00f3n encapsulada dentro del archivo contenedor. Es decir, es una especificaci\u00f3n sobre c\u00f3mo codificar un tipo de informaci\u00f3n y despu\u00e9s poderla descodificar. En cuanto a c\u00f3decs de [&hellip;]<\/p>\n","protected":false},"author":2,"featured_media":0,"parent":0,"menu_order":0,"comment_status":"closed","ping_status":"closed","template":"","meta":{"_acf_changed":false,"footnotes":""},"acf":[],"_links":{"self":[{"href":"https:\/\/guia-edicio-video.aula.uoc.edu\/es\/wp-json\/wp\/v2\/pages\/589"}],"collection":[{"href":"https:\/\/guia-edicio-video.aula.uoc.edu\/es\/wp-json\/wp\/v2\/pages"}],"about":[{"href":"https:\/\/guia-edicio-video.aula.uoc.edu\/es\/wp-json\/wp\/v2\/types\/page"}],"author":[{"embeddable":true,"href":"https:\/\/guia-edicio-video.aula.uoc.edu\/es\/wp-json\/wp\/v2\/users\/2"}],"replies":[{"embeddable":true,"href":"https:\/\/guia-edicio-video.aula.uoc.edu\/es\/wp-json\/wp\/v2\/comments?post=589"}],"version-history":[{"count":1,"href":"https:\/\/guia-edicio-video.aula.uoc.edu\/es\/wp-json\/wp\/v2\/pages\/589\/revisions"}],"predecessor-version":[{"id":590,"href":"https:\/\/guia-edicio-video.aula.uoc.edu\/es\/wp-json\/wp\/v2\/pages\/589\/revisions\/590"}],"wp:attachment":[{"href":"https:\/\/guia-edicio-video.aula.uoc.edu\/es\/wp-json\/wp\/v2\/media?parent=589"}],"curies":[{"name":"wp","href":"https:\/\/api.w.org\/{rel}","templated":true}]}}