{"id":591,"date":"2024-06-12T12:42:36","date_gmt":"2024-06-12T10:42:36","guid":{"rendered":"https:\/\/guia-edicio-video-aula.azurewebsites.net\/?page_id=591"},"modified":"2024-08-02T12:41:32","modified_gmt":"2024-08-02T10:41:32","slug":"2-2-3-que-es-un-contenedor","status":"publish","type":"page","link":"https:\/\/guia-edicio-video.aula.uoc.edu\/es\/2-2-3-que-es-un-contenedor\/","title":{"rendered":"2.2.3. \u00bfQu\u00e9 es un contenedor?"},"content":{"rendered":"<p>C\u00f3mo hemos explicado, un contenedor es como una <strong>caja o embalaje <\/strong>que guarda de manera encapsulada el contenido de un archivo de v\u00eddeo, que principalmente contiene datos de audio, v\u00eddeo y texto que, para la comodidad del usuario, se agrupan dentro de un \u00fanico archivo. El orden en el que se guarda este contenido en este archivo es la especificaci\u00f3n del contenedor.<\/p>\n<p>Hay de diferentes tipos. En la siguiente tabla se recogen algunos de los m\u00e1s habituales:<\/p>\n<table>\n<tbody>\n<tr class=\"table-header\">\n<td><strong>Formato contenedor<\/strong><\/td>\n<td><strong>Descripci\u00f3n <\/strong><\/td>\n<\/tr>\n<tr>\n<td><strong>.AVI<\/strong><\/td>\n<td>Este formato es uno de los m\u00e1s conocidos y m\u00e1s utilizados principalmente para almacenar series, pel\u00edculas y otros v\u00eddeos similares. AVI sali\u00f3 a la luz el 1992 y, sin duda, era el archivo de exportaci\u00f3n de v\u00eddeo por excelencia, porque era totalmente compatible con Windows, Apple, Linux, Unix, etc.<\/p>\n<p>Actualmente, es uno de los formatos m\u00e1s est\u00e1ndares utilizados con Windows. Si hablamos de desventajas, diremos que la memoria que utiliza para almacenar la informaci\u00f3n de audio y v\u00eddeo es grande. Otra desventaja ser\u00eda la reproducci\u00f3n. Al ser un formato antiguo se ha ido actualizando con c\u00f3decs, de forma que reproductores antiguos ya no pueden leer estos formatos actualizados y viceversa. Tampoco es adecuado para v\u00eddeos en <em>streaming<\/em>.<\/td>\n<\/tr>\n<tr>\n<td><strong>.MOV<\/strong><\/td>\n<td>Este est\u00e1ndar desarrollado por Apple permite la transmisi\u00f3n y reproducci\u00f3n de contenidos visuales de alta calidad en internet tanto en sistemas operativos Apple como Windows. Quicktime viene con su reproductor integrado y desde la versi\u00f3n 7 se ha vuelto un reproductor que reconoce la mayor\u00eda de los archivos de v\u00eddeo actuales.<\/td>\n<\/tr>\n<tr>\n<td><strong>.MP4<\/strong><\/td>\n<td>Un formato de v\u00eddeo MPG con compatibilidad global. La compresi\u00f3n de audio y v\u00eddeo con poca p\u00e9rdida de calidad hace posible la f\u00e1cil descarga de estos archivos en una web. El MP4 es capaz de almacenar audio, v\u00eddeo, subt\u00edtulos, texto e im\u00e1genes fijas. Es la mejor opci\u00f3n para el uso en Facebook, Instagram, YouTube y Twitter.<\/td>\n<\/tr>\n<tr>\n<td><strong>\u00a0<\/strong><strong>.FLV (Flash Video)<\/strong><\/td>\n<td>A pesar de que este formato de <em>software<\/em> fue extremadamente popular entre el 2002 y el 2008 para la creaci\u00f3n de animaciones, juegos y otros contenidos interactivos en la web, cay\u00f3 en desuso por problemas de seguridad. Los reproductores de v\u00eddeo basados en Flash han quedado obsoletos a medida que los navegadores web han dejado de soportar Flash Player y han optado por otras tecnolog\u00edas, como HTML5, para la reproducci\u00f3n de v\u00eddeo.<\/td>\n<\/tr>\n<tr>\n<td><strong>\u00a0<\/strong><strong>.MKV (Matroska)<\/strong><\/td>\n<td>El formato MKV es un formato utilizado principalmente para pel\u00edculas, series y contenidos en 3D. Soporta un n\u00famero ilimitado de pistas de imagen, audio y subt\u00edtulos. El contenedor es similar a los archivos MOV y AVI, excepto porque tiene una cantidad de almacenamiento mucho m\u00e1s grande. Es un formato de v\u00eddeo todo en uno, a pesar de que tiene una compatibilidad ligeramente menor con dispositivos y plataformas, en comparaci\u00f3n con el MP4.<\/td>\n<\/tr>\n<\/tbody>\n<\/table>\n<div class=\"featured featured-grey\"><p>Ten\u00e9is una <a href=\"https:\/\/en.wikipedia.org\/wiki\/Comparison_of_video_container_formats\" target=\"_blank\" rel=\"noopener\">gu\u00eda completa<\/a> de las caracter\u00edsticas de los formatos de contenedores multimedia que se utilizan principalmente para almacenar o difundir contenido de v\u00eddeo digital o audio digital. Para ver qu\u00e9 reproductores multimedia apoyan a cada formato de contenedor, consultad la comparaci\u00f3n de <strong>reproductores multimedia <\/strong>de la tabla que os aparece en el enlace.<\/p>\n<\/div>\n","protected":false},"excerpt":{"rendered":"<p>C\u00f3mo hemos explicado, un contenedor es como una caja o embalaje que guarda de manera encapsulada el contenido de un archivo de v\u00eddeo, que principalmente contiene datos de audio, v\u00eddeo y texto que, para la comodidad del usuario, se agrupan dentro de un \u00fanico archivo. El orden en el que se guarda este contenido en [&hellip;]<\/p>\n","protected":false},"author":2,"featured_media":0,"parent":0,"menu_order":0,"comment_status":"closed","ping_status":"closed","template":"","meta":{"_acf_changed":false,"footnotes":""},"acf":[],"_links":{"self":[{"href":"https:\/\/guia-edicio-video.aula.uoc.edu\/es\/wp-json\/wp\/v2\/pages\/591"}],"collection":[{"href":"https:\/\/guia-edicio-video.aula.uoc.edu\/es\/wp-json\/wp\/v2\/pages"}],"about":[{"href":"https:\/\/guia-edicio-video.aula.uoc.edu\/es\/wp-json\/wp\/v2\/types\/page"}],"author":[{"embeddable":true,"href":"https:\/\/guia-edicio-video.aula.uoc.edu\/es\/wp-json\/wp\/v2\/users\/2"}],"replies":[{"embeddable":true,"href":"https:\/\/guia-edicio-video.aula.uoc.edu\/es\/wp-json\/wp\/v2\/comments?post=591"}],"version-history":[{"count":2,"href":"https:\/\/guia-edicio-video.aula.uoc.edu\/es\/wp-json\/wp\/v2\/pages\/591\/revisions"}],"predecessor-version":[{"id":593,"href":"https:\/\/guia-edicio-video.aula.uoc.edu\/es\/wp-json\/wp\/v2\/pages\/591\/revisions\/593"}],"wp:attachment":[{"href":"https:\/\/guia-edicio-video.aula.uoc.edu\/es\/wp-json\/wp\/v2\/media?parent=591"}],"curies":[{"name":"wp","href":"https:\/\/api.w.org\/{rel}","templated":true}]}}