{"id":594,"date":"2024-06-12T12:47:03","date_gmt":"2024-06-12T10:47:03","guid":{"rendered":"https:\/\/guia-edicio-video-aula.azurewebsites.net\/?page_id=594"},"modified":"2024-08-02T12:43:03","modified_gmt":"2024-08-02T10:43:03","slug":"2-2-4-reproductores-de-video","status":"publish","type":"page","link":"https:\/\/guia-edicio-video.aula.uoc.edu\/es\/2-2-4-reproductores-de-video\/","title":{"rendered":"2.2.4. Reproductores de v\u00eddeo"},"content":{"rendered":"<p>Un reproductor multimedia digital es un dispositivo que almacena, organiza y reproduce archivos de v\u00eddeo, audio e im\u00e1genes.<\/p>\n<p>Para reproducir v\u00eddeos, uno de los reproductores m\u00e1s conocidos es VLC Media Player, de <em>software <\/em>libre, que es capaz de interpretar muchos tipos de archivos de v\u00eddeo. Lo pod\u00e9is descargar desde <a href=\"http:\/\/www.videolan.org\/vlc\/index.es.html\" target=\"_blank\" rel=\"noopener\">este enlace<\/a>.<\/p>\n<div class=\"featured featured-grey\"><p>Para tener una gu\u00eda m\u00e1s completa de los reproductores de v\u00eddeos que hay actualmente os recomendamos que consult\u00e9is <a href=\"https:\/\/www.movavi.com\/es\/learning-portal\/mejor-reproductores-de-video.html\" target=\"_blank\" rel=\"noopener\">este enlace<\/a> y la gu\u00eda que da <a href=\"https:\/\/www.xataka.com\/basics\/mejores-reproductores-video-alternativas-a-vlc-para-ordenador-movil\" target=\"_blank\" rel=\"noopener\">Xataka<\/a>.<\/p>\n<\/div>\n","protected":false},"excerpt":{"rendered":"<p>Un reproductor multimedia digital es un dispositivo que almacena, organiza y reproduce archivos de v\u00eddeo, audio e im\u00e1genes. Para reproducir v\u00eddeos, uno de los reproductores m\u00e1s conocidos es VLC Media Player, de software libre, que es capaz de interpretar muchos tipos de archivos de v\u00eddeo. Lo pod\u00e9is descargar desde este enlace.<\/p>\n","protected":false},"author":2,"featured_media":0,"parent":0,"menu_order":0,"comment_status":"closed","ping_status":"closed","template":"","meta":{"_acf_changed":false,"footnotes":""},"acf":[],"_links":{"self":[{"href":"https:\/\/guia-edicio-video.aula.uoc.edu\/es\/wp-json\/wp\/v2\/pages\/594"}],"collection":[{"href":"https:\/\/guia-edicio-video.aula.uoc.edu\/es\/wp-json\/wp\/v2\/pages"}],"about":[{"href":"https:\/\/guia-edicio-video.aula.uoc.edu\/es\/wp-json\/wp\/v2\/types\/page"}],"author":[{"embeddable":true,"href":"https:\/\/guia-edicio-video.aula.uoc.edu\/es\/wp-json\/wp\/v2\/users\/2"}],"replies":[{"embeddable":true,"href":"https:\/\/guia-edicio-video.aula.uoc.edu\/es\/wp-json\/wp\/v2\/comments?post=594"}],"version-history":[{"count":1,"href":"https:\/\/guia-edicio-video.aula.uoc.edu\/es\/wp-json\/wp\/v2\/pages\/594\/revisions"}],"predecessor-version":[{"id":595,"href":"https:\/\/guia-edicio-video.aula.uoc.edu\/es\/wp-json\/wp\/v2\/pages\/594\/revisions\/595"}],"wp:attachment":[{"href":"https:\/\/guia-edicio-video.aula.uoc.edu\/es\/wp-json\/wp\/v2\/media?parent=594"}],"curies":[{"name":"wp","href":"https:\/\/api.w.org\/{rel}","templated":true}]}}