{"id":597,"date":"2024-06-12T12:50:19","date_gmt":"2024-06-12T10:50:19","guid":{"rendered":"https:\/\/guia-edicio-video-aula.azurewebsites.net\/?page_id=597"},"modified":"2024-08-02T12:44:27","modified_gmt":"2024-08-02T10:44:27","slug":"2-3-1-introduccion","status":"publish","type":"page","link":"https:\/\/guia-edicio-video.aula.uoc.edu\/es\/2-3-1-introduccion\/","title":{"rendered":"2.3.1. Introducci\u00f3n"},"content":{"rendered":"<p>Un convertidor de v\u00eddeo y audio tiene la funci\u00f3n de <strong>convertir <\/strong>ficheros de audio o de v\u00eddeo de un formato a otro. A continuaci\u00f3n, se facilitan diferentes convertidores gratuitos clasificados seg\u00fan los diferentes sistemas operativos.<\/p>\n<figure id=\"attachment_98\" aria-describedby=\"caption-attachment-98\" style=\"width: 640px\" class=\"wp-caption alignnone\"><img loading=\"lazy\" decoding=\"async\" class=\"wp-image-98 size-large\" src=\"\/wp-content\/uploads\/2024\/06\/image019-1024x683.jpg\" alt=\"\" width=\"640\" height=\"427\" srcset=\"\/wp-content\/uploads\/2024\/06\/image019-1024x683.jpg 1024w, \/wp-content\/uploads\/2024\/06\/image019-300x200.jpg 300w, \/wp-content\/uploads\/2024\/06\/image019-768x512.jpg 768w, \/wp-content\/uploads\/2024\/06\/image019-1536x1024.jpg 1536w, \/wp-content\/uploads\/2024\/06\/image019.jpg 2048w\" sizes=\"(max-width: 640px) 100vw, 640px\" \/><figcaption id=\"caption-attachment-98\" class=\"wp-caption-text\">Fuente: <a href=\"https:\/\/www.pexels.com\/photo\/close-up-of-sound-waves-on-a-computer-screen-4765390\/\" target=\"_blank\" rel=\"noopener\">Pexels<\/a>.<\/figcaption><\/figure>\n<div id=\"gtx-trans\" style=\"position: absolute; left: 3px; top: 497.172px;\">\n<div class=\"gtx-trans-icon\"><\/div>\n<\/div>\n","protected":false},"excerpt":{"rendered":"<p>Un convertidor de v\u00eddeo y audio tiene la funci\u00f3n de convertir ficheros de audio o de v\u00eddeo de un formato a otro. A continuaci\u00f3n, se facilitan diferentes convertidores gratuitos clasificados seg\u00fan los diferentes sistemas operativos.<\/p>\n","protected":false},"author":2,"featured_media":0,"parent":0,"menu_order":0,"comment_status":"closed","ping_status":"closed","template":"","meta":{"_acf_changed":false,"footnotes":""},"acf":[],"_links":{"self":[{"href":"https:\/\/guia-edicio-video.aula.uoc.edu\/es\/wp-json\/wp\/v2\/pages\/597"}],"collection":[{"href":"https:\/\/guia-edicio-video.aula.uoc.edu\/es\/wp-json\/wp\/v2\/pages"}],"about":[{"href":"https:\/\/guia-edicio-video.aula.uoc.edu\/es\/wp-json\/wp\/v2\/types\/page"}],"author":[{"embeddable":true,"href":"https:\/\/guia-edicio-video.aula.uoc.edu\/es\/wp-json\/wp\/v2\/users\/2"}],"replies":[{"embeddable":true,"href":"https:\/\/guia-edicio-video.aula.uoc.edu\/es\/wp-json\/wp\/v2\/comments?post=597"}],"version-history":[{"count":1,"href":"https:\/\/guia-edicio-video.aula.uoc.edu\/es\/wp-json\/wp\/v2\/pages\/597\/revisions"}],"predecessor-version":[{"id":598,"href":"https:\/\/guia-edicio-video.aula.uoc.edu\/es\/wp-json\/wp\/v2\/pages\/597\/revisions\/598"}],"wp:attachment":[{"href":"https:\/\/guia-edicio-video.aula.uoc.edu\/es\/wp-json\/wp\/v2\/media?parent=597"}],"curies":[{"name":"wp","href":"https:\/\/api.w.org\/{rel}","templated":true}]}}