{"id":599,"date":"2024-06-12T12:53:15","date_gmt":"2024-06-12T10:53:15","guid":{"rendered":"https:\/\/guia-edicio-video-aula.azurewebsites.net\/?page_id=599"},"modified":"2024-08-03T20:22:11","modified_gmt":"2024-08-03T18:22:11","slug":"2-3-2-convertidores-para-windows","status":"publish","type":"page","link":"https:\/\/guia-edicio-video.aula.uoc.edu\/es\/2-3-2-convertidores-para-windows\/","title":{"rendered":"2.3.2. Convertidores para Windows"},"content":{"rendered":"<p>En el entorno Windows disponemos de un amplio abanico de funcionalidades adaptadas a las necesidades del usuario, con programas que gestionan una gran variedad de formatos, incluidos los m\u00e1s habituales, como MP4 o AVI para v\u00eddeo, y MP3, WAV o AAC para audio.<\/p>\n<p>A continuaci\u00f3n, os presentamos los convertidores para Windows m\u00e1s importantes.<\/p>\n<h4><strong>Formato factory<\/strong><\/h4>\n<p>Convierte todo tipo de archivos. Dispone de varias opciones para elegir el formato de salida, y permite ajustar la calidad entre baja, media y alta.<\/p>\n<div class=\"featured featured-grey\"><p><a href=\"https:\/\/formatfactory.uptodown.com\/windows\" target=\"_blank\" rel=\"noopener\">https:\/\/formatfactory.uptodown.com\/windows<\/a><\/p>\n<\/div>\n<h4><strong>V\u00eddeo tono v\u00eddeo converter<\/strong><\/h4>\n<p>Bastante sencillo e intuitivo. Soporta m\u00e1s de 200 formatos de salida, entre los cuales hay los m\u00e1s conocidos: AVI, MPEG, MP4. MKK H.264\u2026 Permite hacer conversiones de varios archivos simult\u00e1neamente.<\/p>\n<div class=\"featured featured-grey\"><p><a href=\"http:\/\/www.videotovideo.org\/\" target=\"_blank\" rel=\"noopener\">http:\/\/www.videotovideo.org\/<\/a><\/p>\n<\/div>\n<h4><strong>Freemake v\u00eddeo converter<\/strong><\/h4>\n<p>Muy \u00e1gil, con varias opciones de formatos de entrada y de salida. Adem\u00e1s de convertir, tambi\u00e9n permite una edici\u00f3n muy b\u00e1sica (como cortar o rotar la imagen).<\/p>\n<div class=\"featured featured-grey\"><p><a href=\"http:\/\/www.freemake.com\/es\/free_video_converter\/\" target=\"_blank\" rel=\"noopener\">http:\/\/www.freemake.com\/es\/free_video_converter\/<\/a><\/p>\n<\/div>\n","protected":false},"excerpt":{"rendered":"<p>En el entorno Windows disponemos de un amplio abanico de funcionalidades adaptadas a las necesidades del usuario, con programas que gestionan una gran variedad de formatos, incluidos los m\u00e1s habituales, como MP4 o AVI para v\u00eddeo, y MP3, WAV o AAC para audio. A continuaci\u00f3n, os presentamos los convertidores para Windows m\u00e1s importantes. Formato factory [&hellip;]<\/p>\n","protected":false},"author":2,"featured_media":0,"parent":0,"menu_order":0,"comment_status":"closed","ping_status":"closed","template":"","meta":{"_acf_changed":false,"footnotes":""},"acf":[],"_links":{"self":[{"href":"https:\/\/guia-edicio-video.aula.uoc.edu\/es\/wp-json\/wp\/v2\/pages\/599"}],"collection":[{"href":"https:\/\/guia-edicio-video.aula.uoc.edu\/es\/wp-json\/wp\/v2\/pages"}],"about":[{"href":"https:\/\/guia-edicio-video.aula.uoc.edu\/es\/wp-json\/wp\/v2\/types\/page"}],"author":[{"embeddable":true,"href":"https:\/\/guia-edicio-video.aula.uoc.edu\/es\/wp-json\/wp\/v2\/users\/2"}],"replies":[{"embeddable":true,"href":"https:\/\/guia-edicio-video.aula.uoc.edu\/es\/wp-json\/wp\/v2\/comments?post=599"}],"version-history":[{"count":2,"href":"https:\/\/guia-edicio-video.aula.uoc.edu\/es\/wp-json\/wp\/v2\/pages\/599\/revisions"}],"predecessor-version":[{"id":700,"href":"https:\/\/guia-edicio-video.aula.uoc.edu\/es\/wp-json\/wp\/v2\/pages\/599\/revisions\/700"}],"wp:attachment":[{"href":"https:\/\/guia-edicio-video.aula.uoc.edu\/es\/wp-json\/wp\/v2\/media?parent=599"}],"curies":[{"name":"wp","href":"https:\/\/api.w.org\/{rel}","templated":true}]}}