{"id":601,"date":"2024-06-13T09:38:06","date_gmt":"2024-06-13T07:38:06","guid":{"rendered":"https:\/\/guia-edicio-video-aula.azurewebsites.net\/?page_id=601"},"modified":"2024-08-02T12:49:05","modified_gmt":"2024-08-02T10:49:05","slug":"2-3-3-convertidores-para-entorno-apple","status":"publish","type":"page","link":"https:\/\/guia-edicio-video.aula.uoc.edu\/es\/2-3-3-convertidores-para-entorno-apple\/","title":{"rendered":"2.3.3. Convertidores para entorno Apple"},"content":{"rendered":"<p>En el entorno de Apple, es esencial tener en cuenta la compatibilidad y la calidad para trabajar con el nativo de vuestro sistema, como por ejemplo MOV y M4V, puesto que Apple admite una amplia gama de formatos, como por ejemplo MP4, AVI, MKV para v\u00eddeo y WAV, FLACO.<\/p>\n<p>A continuaci\u00f3n, os presentamos los convertidores m\u00e1s conocidos del mercado para el entorno Apple.<\/p>\n<h4><strong>Total V\u00eddeo Converter Mac Free<\/strong><\/h4>\n<p>Se integra directamente con el iTunes y permite que el proceso sea todav\u00eda m\u00e1s \u00e1gil y sencillo.<\/p>\n<div class=\"featured featured-grey\"><p><a href=\"https:\/\/itunes.apple.com\/es\/app\/total-video-converter-lite-totally-free-to-convert\/id520374433?mt=12\" target=\"_blank\" rel=\"noopener\">https:\/\/itunes.apple.com\/es\/app\/total-video-converter-lite-totally-free-to-convert\/id520374433?mt=12<\/a><\/p>\n<\/div>\n<h4><strong>Handbrake<\/strong><\/h4>\n<p>Permite a\u00f1adir subt\u00edtulos, crear nuevos canales de audio y editar fragmentos o clips.<\/p>\n<div class=\"featured featured-grey\"><p><a href=\"http:\/\/handbrake.es\/\" target=\"_blank\" rel=\"noopener\">http:\/\/handbrake.es\/<\/a><\/p>\n<\/div>\n<h4><strong>Free v\u00eddeo converter<\/strong><\/h4>\n<p>F\u00e1cil e intuitivo, pero sin vista previa de los archivos antes de la conversi\u00f3n. Por lo tanto, se debe tener claro qu\u00e9 se quiere exportar. Permite convertir varios archivos simult\u00e1neamente.<\/p>\n<div class=\"featured featured-grey\"><p><a href=\"https:\/\/videoconverter.wondershare.com\/free-video-converter.html\" target=\"_blank\" rel=\"noopener\">https:\/\/videoconverter.wondershare.com\/free-video-converter.html<\/a><\/p>\n<\/div>\n<p>Ten\u00e9is m\u00e1s herramientas sobre convertidores de v\u00eddeo y sus utilidades en <a href=\"https:\/\/www.movavi.com\/es\/learning-portal\/free-video-converter-for-windows.html\" target=\"_blank\" rel=\"noopener\">este enlace<\/a>.<\/p>\n<div class=\"featured featured-grey\"><p>Para saber m\u00e1s sobre contenedores, c\u00f3decs y convertidores recomendamos visitar:<\/p>\n<ul>\n<li><a href=\"https:\/\/es.zencoder.support.brightcove.com\/general-information\/faq-codecs-and-formats.html\" target=\"_blank\" rel=\"noopener\">C\u00f3decs y formatos<\/a><\/li>\n<li><a href=\"https:\/\/ca.wikipedia.org\/wiki\/C%C3%B2dec_de_v%C3%ADdeo\" target=\"_blank\" rel=\"noopener\">C\u00f3dec de v\u00eddeo<\/a><\/li>\n<li><a href=\"https:\/\/www.dacast.com\/es\/blog-es\/que-es-la-codificacion-de-video\/\" target=\"_blank\" rel=\"noopener\">Codificaci\u00f3n de v\u00eddeo: La gu\u00eda definitiva<\/a><\/li>\n<\/ul>\n<p>\n<\/div>\n","protected":false},"excerpt":{"rendered":"<p>En el entorno de Apple, es esencial tener en cuenta la compatibilidad y la calidad para trabajar con el nativo de vuestro sistema, como por ejemplo MOV y M4V, puesto que Apple admite una amplia gama de formatos, como por ejemplo MP4, AVI, MKV para v\u00eddeo y WAV, FLACO. A continuaci\u00f3n, os presentamos los convertidores [&hellip;]<\/p>\n","protected":false},"author":2,"featured_media":0,"parent":0,"menu_order":0,"comment_status":"closed","ping_status":"closed","template":"","meta":{"_acf_changed":false,"footnotes":""},"acf":[],"_links":{"self":[{"href":"https:\/\/guia-edicio-video.aula.uoc.edu\/es\/wp-json\/wp\/v2\/pages\/601"}],"collection":[{"href":"https:\/\/guia-edicio-video.aula.uoc.edu\/es\/wp-json\/wp\/v2\/pages"}],"about":[{"href":"https:\/\/guia-edicio-video.aula.uoc.edu\/es\/wp-json\/wp\/v2\/types\/page"}],"author":[{"embeddable":true,"href":"https:\/\/guia-edicio-video.aula.uoc.edu\/es\/wp-json\/wp\/v2\/users\/2"}],"replies":[{"embeddable":true,"href":"https:\/\/guia-edicio-video.aula.uoc.edu\/es\/wp-json\/wp\/v2\/comments?post=601"}],"version-history":[{"count":1,"href":"https:\/\/guia-edicio-video.aula.uoc.edu\/es\/wp-json\/wp\/v2\/pages\/601\/revisions"}],"predecessor-version":[{"id":602,"href":"https:\/\/guia-edicio-video.aula.uoc.edu\/es\/wp-json\/wp\/v2\/pages\/601\/revisions\/602"}],"wp:attachment":[{"href":"https:\/\/guia-edicio-video.aula.uoc.edu\/es\/wp-json\/wp\/v2\/media?parent=601"}],"curies":[{"name":"wp","href":"https:\/\/api.w.org\/{rel}","templated":true}]}}