{"id":604,"date":"2024-06-13T09:45:23","date_gmt":"2024-06-13T07:45:23","guid":{"rendered":"https:\/\/guia-edicio-video-aula.azurewebsites.net\/?page_id=604"},"modified":"2024-08-02T14:03:50","modified_gmt":"2024-08-02T12:03:50","slug":"2-4-1-introduccion","status":"publish","type":"page","link":"https:\/\/guia-edicio-video.aula.uoc.edu\/es\/2-4-1-introduccion\/","title":{"rendered":"2.4.1. Introducci\u00f3n"},"content":{"rendered":"<div class=\"featured featured-blue\"><p>En funci\u00f3n del editor que decid\u00e1is utilizar, adem\u00e1s de elaborar el discurso narrativo audiovisual propiamente dicho, durante la edici\u00f3n tambi\u00e9n podr\u00e9is hacer <strong>correcciones o mejoras <\/strong>tanto de la imagen como del sonido, as\u00ed como a\u00f1adir diferentes filtros, efectos, transiciones entre im\u00e1genes (por corte, fundici\u00f3n, encadenado, visillos\u2026) y grafismos.<\/p>\n<\/div>\n<p>Se recomienda utilizar todos estos elementos con medida y de manera justificada, de forma que refuercen el discurso audiovisual de aquello que se pretenda comunicar, o bien para corregir defectos derivados de la grabaci\u00f3n, pero <strong>sin abusar <\/strong>de los efectos, filtros o transiciones.<\/p>\n<p>Tambi\u00e9n es importante que teng\u00e1is en cuenta la continuidad o <em>raccord <\/em>y que vigil\u00e9is con los saltos de eje.<\/p>\n<div class=\"featured featured-grey\"><p>Ten\u00e9is m\u00e1s informaci\u00f3n sobre el <em>raccord <\/em>en <a href=\"https:\/\/ca.wikipedia.org\/wiki\/Continu%C3%AFtat_(cinema)\" target=\"_blank\" rel=\"noopener\">este art\u00edculo de Wikipedia<\/a> y en este v\u00eddeo explicativo:<\/p>\n<p><iframe loading=\"lazy\" title=\"Elementos del cine: CONTINUIDAD + ERRORES en pel\u00edculas\" width=\"640\" height=\"360\" src=\"https:\/\/www.youtube.com\/embed\/ew5WzvL-fEk?feature=oembed\" frameborder=\"0\" allow=\"accelerometer; autoplay; clipboard-write; encrypted-media; gyroscope; picture-in-picture; web-share\" referrerpolicy=\"strict-origin-when-cross-origin\" allowfullscreen><\/iframe><\/p>\n<\/div>\n<p>A continuaci\u00f3n, os hablamos de los ajustes m\u00e1s habituales.<\/p>\n<div id=\"gtx-trans\" style=\"position: absolute; left: 285px; top: 272px;\">\n<div class=\"gtx-trans-icon\"><\/div>\n<\/div>\n","protected":false},"excerpt":{"rendered":"<p>Se recomienda utilizar todos estos elementos con medida y de manera justificada, de forma que refuercen el discurso audiovisual de aquello que se pretenda comunicar, o bien para corregir defectos derivados de la grabaci\u00f3n, pero sin abusar de los efectos, filtros o transiciones. Tambi\u00e9n es importante que teng\u00e1is en cuenta la continuidad o raccord y [&hellip;]<\/p>\n","protected":false},"author":2,"featured_media":0,"parent":0,"menu_order":0,"comment_status":"closed","ping_status":"closed","template":"","meta":{"_acf_changed":false,"footnotes":""},"acf":[],"_links":{"self":[{"href":"https:\/\/guia-edicio-video.aula.uoc.edu\/es\/wp-json\/wp\/v2\/pages\/604"}],"collection":[{"href":"https:\/\/guia-edicio-video.aula.uoc.edu\/es\/wp-json\/wp\/v2\/pages"}],"about":[{"href":"https:\/\/guia-edicio-video.aula.uoc.edu\/es\/wp-json\/wp\/v2\/types\/page"}],"author":[{"embeddable":true,"href":"https:\/\/guia-edicio-video.aula.uoc.edu\/es\/wp-json\/wp\/v2\/users\/2"}],"replies":[{"embeddable":true,"href":"https:\/\/guia-edicio-video.aula.uoc.edu\/es\/wp-json\/wp\/v2\/comments?post=604"}],"version-history":[{"count":3,"href":"https:\/\/guia-edicio-video.aula.uoc.edu\/es\/wp-json\/wp\/v2\/pages\/604\/revisions"}],"predecessor-version":[{"id":691,"href":"https:\/\/guia-edicio-video.aula.uoc.edu\/es\/wp-json\/wp\/v2\/pages\/604\/revisions\/691"}],"wp:attachment":[{"href":"https:\/\/guia-edicio-video.aula.uoc.edu\/es\/wp-json\/wp\/v2\/media?parent=604"}],"curies":[{"name":"wp","href":"https:\/\/api.w.org\/{rel}","templated":true}]}}