{"id":606,"date":"2024-06-13T09:49:16","date_gmt":"2024-06-13T07:49:16","guid":{"rendered":"https:\/\/guia-edicio-video-aula.azurewebsites.net\/?page_id=606"},"modified":"2024-08-02T14:03:26","modified_gmt":"2024-08-02T12:03:26","slug":"2-4-2-corregir-el-color-y-la-luz","status":"publish","type":"page","link":"https:\/\/guia-edicio-video.aula.uoc.edu\/es\/2-4-2-corregir-el-color-y-la-luz\/","title":{"rendered":"2.4.2. Corregir el color y la luz"},"content":{"rendered":"<p>Durante la edici\u00f3n muy a menudo hay que hacer una correcci\u00f3n o ajuste de <strong>color b\u00e1sico <\/strong>o de la <strong>luz <\/strong>del material audiovisual grabado. Existen algunas correcciones sencillas que en casi todos los casos permiten mejorar la imagen:<\/p>\n<ul>\n<li><strong>Ajustar el contraste<\/strong>, para resaltar las partes m\u00e1s oscuras y las m\u00e1s brillantes.<\/li>\n<li><strong>Dotar la imagen de m\u00e1s o menos luz<\/strong>, dependiendo de la necesidad de la toma (si esta est\u00e1 demasiado iluminada o demasiado oscura).<\/li>\n<li><strong>Quitar saturaci\u00f3n<\/strong>, no mucha, solo un poco para obtener un aspecto m\u00e1s limpio.<\/li>\n<li><strong>Equilibrar el color<\/strong>, en el supuesto de que sea necesario, si se observa que predomina demasiado una tonalidad.<\/li>\n<\/ul>\n<p>Habr\u00e1 que averiguar c\u00f3mo ajustar estos valores en el editor de v\u00eddeo que se est\u00e9 utilizando. Si el programa de edici\u00f3n no permite estos cambios, hay algunos servicios de edici\u00f3n en l\u00ednea que permiten editar los v\u00eddeos despu\u00e9s de subirlos y hacer estos y otros ajustes.<\/p>\n<figure id=\"attachment_101\" aria-describedby=\"caption-attachment-101\" style=\"width: 320px\" class=\"wp-caption alignnone\"><img loading=\"lazy\" decoding=\"async\" class=\"wp-image-101 size-full\" src=\"\/wp-content\/uploads\/2024\/06\/image020.png\" alt=\"\" width=\"320\" height=\"307\" srcset=\"\/wp-content\/uploads\/2024\/06\/image020.png 320w, \/wp-content\/uploads\/2024\/06\/image020-300x288.png 300w\" sizes=\"(max-width: 320px) 100vw, 320px\" \/><figcaption id=\"caption-attachment-101\" class=\"wp-caption-text\">Fuente: <a href=\"https:\/\/commons.wikimedia.org\/wiki\/File:AdditiveColorMixingII.png\" target=\"_blank\" rel=\"noopener\">Wikimedia Commons<\/a>.<\/figcaption><\/figure>\n<div id=\"gtx-trans\" style=\"position: absolute; left: 506px; top: 248px;\">\n<div class=\"gtx-trans-icon\"><\/div>\n<\/div>\n","protected":false},"excerpt":{"rendered":"<p>Durante la edici\u00f3n muy a menudo hay que hacer una correcci\u00f3n o ajuste de color b\u00e1sico o de la luz del material audiovisual grabado. Existen algunas correcciones sencillas que en casi todos los casos permiten mejorar la imagen: Ajustar el contraste, para resaltar las partes m\u00e1s oscuras y las m\u00e1s brillantes. Dotar la imagen de [&hellip;]<\/p>\n","protected":false},"author":2,"featured_media":0,"parent":0,"menu_order":0,"comment_status":"closed","ping_status":"closed","template":"","meta":{"_acf_changed":false,"footnotes":""},"acf":[],"_links":{"self":[{"href":"https:\/\/guia-edicio-video.aula.uoc.edu\/es\/wp-json\/wp\/v2\/pages\/606"}],"collection":[{"href":"https:\/\/guia-edicio-video.aula.uoc.edu\/es\/wp-json\/wp\/v2\/pages"}],"about":[{"href":"https:\/\/guia-edicio-video.aula.uoc.edu\/es\/wp-json\/wp\/v2\/types\/page"}],"author":[{"embeddable":true,"href":"https:\/\/guia-edicio-video.aula.uoc.edu\/es\/wp-json\/wp\/v2\/users\/2"}],"replies":[{"embeddable":true,"href":"https:\/\/guia-edicio-video.aula.uoc.edu\/es\/wp-json\/wp\/v2\/comments?post=606"}],"version-history":[{"count":3,"href":"https:\/\/guia-edicio-video.aula.uoc.edu\/es\/wp-json\/wp\/v2\/pages\/606\/revisions"}],"predecessor-version":[{"id":690,"href":"https:\/\/guia-edicio-video.aula.uoc.edu\/es\/wp-json\/wp\/v2\/pages\/606\/revisions\/690"}],"wp:attachment":[{"href":"https:\/\/guia-edicio-video.aula.uoc.edu\/es\/wp-json\/wp\/v2\/media?parent=606"}],"curies":[{"name":"wp","href":"https:\/\/api.w.org\/{rel}","templated":true}]}}