{"id":608,"date":"2024-06-13T10:02:01","date_gmt":"2024-06-13T08:02:01","guid":{"rendered":"https:\/\/guia-edicio-video-aula.azurewebsites.net\/?page_id=608"},"modified":"2024-08-03T20:37:26","modified_gmt":"2024-08-03T18:37:26","slug":"2-4-3-edicion-del-audio","status":"publish","type":"page","link":"https:\/\/guia-edicio-video.aula.uoc.edu\/es\/2-4-3-edicion-del-audio\/","title":{"rendered":"2.4.3. Edici\u00f3n del audio"},"content":{"rendered":"<p>Durante la edici\u00f3n del v\u00eddeo, puede ser que se necesiten hacer algunas <strong>mejoras o ajustes <\/strong>del audio grabado. Por ejemplo, puede ser que haya tomas con diferentes vol\u00famenes, que haya que atenuar determinados ruidos, que se quiera a\u00f1adir alg\u00fan efecto sonoro al v\u00eddeo, etc.<\/p>\n<p>Para hacerlo, el mismo editor de v\u00eddeo, si es sencillo, acostumbra a ser muy limitado y no permite un trabajo esmerado del sonido, a pesar de que s\u00ed que permite silenciarlo, en el supuesto de que se quiera prescindir totalmente del audio de una imagen, y, en algunos casos (dependiente del editor), eliminarlo.<\/p>\n<figure id=\"attachment_107\" aria-describedby=\"caption-attachment-107\" style=\"width: 640px\" class=\"wp-caption alignnone\"><img loading=\"lazy\" decoding=\"async\" class=\"wp-image-107\" src=\"\/wp-content\/uploads\/2024\/06\/image022.png\" alt=\"\" width=\"640\" height=\"414\" srcset=\"\/wp-content\/uploads\/2024\/06\/image022.png 800w, \/wp-content\/uploads\/2024\/06\/image022-300x194.png 300w, \/wp-content\/uploads\/2024\/06\/image022-768x497.png 768w\" sizes=\"(max-width: 640px) 100vw, 640px\" \/><figcaption id=\"caption-attachment-107\" class=\"wp-caption-text\">Fuente: <a href=\"https:\/\/commons.wikimedia.org\/wiki\/File:Espectro.png\" target=\"_blank\" rel=\"noopener\">Wikimedia Commons<\/a>.<\/figcaption><\/figure>\n<p>Ahora bien, para editar de manera espec\u00edfica y esmerada el sonido, existen <strong>programas de edici\u00f3n de audio <\/strong>que permiten trabajarlo por separado.<\/p>\n<p>Aun as\u00ed, si se ha decidido incorporar una voz en <em>off <\/em>en el producto audiovisual, tambi\u00e9n se puede utilizar un programa de edici\u00f3n de audio para grabarla.<\/p>\n<div class=\"featured featured-grey\"><p>Uno de estos programas de edici\u00f3n de audio es <strong>Audacity<\/strong>, gratuito y multiplataforma. Permite grabar sonidos, reproducirlos, editarlos, as\u00ed como importar y exportar archivos WAV, AIFF, y MP3, entre otros.<\/p>\n<p>Se puede descargar en <a href=\"https:\/\/www.audacityteam.org\/\" target=\"_blank\" rel=\"noopener\">https:\/\/www.audacityteam.org\/<\/a><\/p>\n<p>La nueva versi\u00f3n de <strong>Audacity <\/strong>se enfoca en las necesidades de los m\u00fasicos, incluyendo ajustes de tempo, firma de tiempo, alineaci\u00f3n de ritmos, una nueva parrilla musical y estiramiento temporal. En el v\u00eddeo siguiente ten\u00e9is una explicaci\u00f3n de los nuevos cambios.<\/p>\n<p><iframe loading=\"lazy\" title=\"Audacity 3.4 - New Musical Features!\" width=\"640\" height=\"360\" src=\"https:\/\/www.youtube.com\/embed\/xgdYuSHdkso?start=4&#038;feature=oembed\" frameborder=\"0\" allow=\"accelerometer; autoplay; clipboard-write; encrypted-media; gyroscope; picture-in-picture; web-share\" referrerpolicy=\"strict-origin-when-cross-origin\" allowfullscreen><\/iframe><\/p>\n<p>Para utilizarlo de manera eficiente, y en funci\u00f3n de las necesidades, recomendamos consultar el <a href=\"https:\/\/www.youtube.com\/watch?v=bNBsvFogGVU&amp;t=5s\" target=\"_blank\" rel=\"noopener\">videotutorial<\/a> de la \u00faltima versi\u00f3n. Para mayor informaci\u00f3n tambi\u00e9n se puede consultar <a href=\"http:\/\/manual.audacityteam.org\/\" target=\"_blank\" rel=\"noopener\">el manual en ingl\u00e9s<\/a>.<\/p>\n<\/div>\n","protected":false},"excerpt":{"rendered":"<p>Durante la edici\u00f3n del v\u00eddeo, puede ser que se necesiten hacer algunas mejoras o ajustes del audio grabado. Por ejemplo, puede ser que haya tomas con diferentes vol\u00famenes, que haya que atenuar determinados ruidos, que se quiera a\u00f1adir alg\u00fan efecto sonoro al v\u00eddeo, etc. Para hacerlo, el mismo editor de v\u00eddeo, si es sencillo, acostumbra [&hellip;]<\/p>\n","protected":false},"author":2,"featured_media":0,"parent":0,"menu_order":0,"comment_status":"closed","ping_status":"closed","template":"","meta":{"_acf_changed":false,"footnotes":""},"acf":[],"_links":{"self":[{"href":"https:\/\/guia-edicio-video.aula.uoc.edu\/es\/wp-json\/wp\/v2\/pages\/608"}],"collection":[{"href":"https:\/\/guia-edicio-video.aula.uoc.edu\/es\/wp-json\/wp\/v2\/pages"}],"about":[{"href":"https:\/\/guia-edicio-video.aula.uoc.edu\/es\/wp-json\/wp\/v2\/types\/page"}],"author":[{"embeddable":true,"href":"https:\/\/guia-edicio-video.aula.uoc.edu\/es\/wp-json\/wp\/v2\/users\/2"}],"replies":[{"embeddable":true,"href":"https:\/\/guia-edicio-video.aula.uoc.edu\/es\/wp-json\/wp\/v2\/comments?post=608"}],"version-history":[{"count":4,"href":"https:\/\/guia-edicio-video.aula.uoc.edu\/es\/wp-json\/wp\/v2\/pages\/608\/revisions"}],"predecessor-version":[{"id":701,"href":"https:\/\/guia-edicio-video.aula.uoc.edu\/es\/wp-json\/wp\/v2\/pages\/608\/revisions\/701"}],"wp:attachment":[{"href":"https:\/\/guia-edicio-video.aula.uoc.edu\/es\/wp-json\/wp\/v2\/media?parent=608"}],"curies":[{"name":"wp","href":"https:\/\/api.w.org\/{rel}","templated":true}]}}