{"id":610,"date":"2024-06-13T10:05:37","date_gmt":"2024-06-13T08:05:37","guid":{"rendered":"https:\/\/guia-edicio-video-aula.azurewebsites.net\/?page_id=610"},"modified":"2024-08-02T13:17:42","modified_gmt":"2024-08-02T11:17:42","slug":"2-5-descargar-recursos-o-extractos-de-videos-reutilizables","status":"publish","type":"page","link":"https:\/\/guia-edicio-video.aula.uoc.edu\/es\/2-5-descargar-recursos-o-extractos-de-videos-reutilizables\/","title":{"rendered":"2.5. Descargar recursos o extractos de v\u00eddeos reutilizables"},"content":{"rendered":"<p><strong>YouTube <\/strong>utiliza licencias CC en su contenido, permitiendo a los creadores conceder el uso de su trabajo como est\u00e1ndar. Hasta septiembre del 2021, los usuarios pod\u00edan marcar sus v\u00eddeos con la licencia CC BY, generando una firma autom\u00e1tica e indicando que se estaba utilizando contenido de Creative Commons. Ahora se contin\u00faa a\u00f1adiendo la <strong>atribuci\u00f3n <\/strong>a los v\u00eddeos actualizando la descripci\u00f3n.<\/p>\n<div class=\"featured featured-blue\"><p>Con las licencias CC, los creadores conservan los <strong>derechos de autor<\/strong>, pero otras personas pueden reutilizar el v\u00eddeo bajo los t\u00e9rminos de la licencia.<\/p>\n<\/div>\n<div class=\"featured featured-grey\"><p>Para saber m\u00e1s sobre el uso de v\u00eddeos en Creative Commons en YouTube pod\u00e9is leer la siguiente informaci\u00f3n a <a href=\"https:\/\/support.google.com\/youtube\/answer\/2797468?hl=ca\" target=\"_blank\" rel=\"noopener\">https:\/\/support.google.com\/youtube\/answer\/2797468?hl=ca<\/a><\/p>\n<p>Tambi\u00e9n, <a href=\"https:\/\/www.youtube.com\/watch?v=BPgJcpGuSTI\" target=\"_blank\" rel=\"noopener\">este tutorial<\/a> os explica con detalle lo que pod\u00e9is hacer como editores de v\u00eddeo de YouTube, incluyendo la edici\u00f3n de la parte del audio. Tambi\u00e9n ten\u00e9is la informaci\u00f3n que os proporciona <a href=\"https:\/\/support.google.com\/youtube\/topic\/9257530?hl=es-419&amp;ref_topic=9257610&amp;sjid=14931466268998381474-EU\" target=\"_blank\" rel=\"noopener\">YouTube<\/a> sobre editar v\u00eddeos y su configuraci\u00f3n.<\/p>\n<\/div>\n<p>En <a href=\"https:\/\/vimeo.com\/creativecommons\" target=\"_blank\" rel=\"noopener\"><strong>Vimeo<\/strong><\/a> tambi\u00e9n hay la opci\u00f3n de buscar v\u00eddeos de Creative Commons, disponibles para la descarga y posterior utilizaci\u00f3n. Tambi\u00e9n la plataforma <a href=\"https:\/\/www.pexels.com\/search\/videos\/videos\/\" target=\"_blank\" rel=\"noopener\"><strong>Pexels<\/strong><\/a> tiene v\u00eddeos en 4K que pod\u00e9is utilizar de <strong>forma gratuita <\/strong>para finalidades personales y comerciales sin atribuci\u00f3n bajo la licencia de Pexels.<\/p>\n<p>&nbsp;<\/p>\n","protected":false},"excerpt":{"rendered":"<p>YouTube utiliza licencias CC en su contenido, permitiendo a los creadores conceder el uso de su trabajo como est\u00e1ndar. Hasta septiembre del 2021, los usuarios pod\u00edan marcar sus v\u00eddeos con la licencia CC BY, generando una firma autom\u00e1tica e indicando que se estaba utilizando contenido de Creative Commons. Ahora se contin\u00faa a\u00f1adiendo la atribuci\u00f3n a [&hellip;]<\/p>\n","protected":false},"author":2,"featured_media":0,"parent":0,"menu_order":0,"comment_status":"closed","ping_status":"closed","template":"","meta":{"_acf_changed":false,"footnotes":""},"acf":[],"_links":{"self":[{"href":"https:\/\/guia-edicio-video.aula.uoc.edu\/es\/wp-json\/wp\/v2\/pages\/610"}],"collection":[{"href":"https:\/\/guia-edicio-video.aula.uoc.edu\/es\/wp-json\/wp\/v2\/pages"}],"about":[{"href":"https:\/\/guia-edicio-video.aula.uoc.edu\/es\/wp-json\/wp\/v2\/types\/page"}],"author":[{"embeddable":true,"href":"https:\/\/guia-edicio-video.aula.uoc.edu\/es\/wp-json\/wp\/v2\/users\/2"}],"replies":[{"embeddable":true,"href":"https:\/\/guia-edicio-video.aula.uoc.edu\/es\/wp-json\/wp\/v2\/comments?post=610"}],"version-history":[{"count":2,"href":"https:\/\/guia-edicio-video.aula.uoc.edu\/es\/wp-json\/wp\/v2\/pages\/610\/revisions"}],"predecessor-version":[{"id":612,"href":"https:\/\/guia-edicio-video.aula.uoc.edu\/es\/wp-json\/wp\/v2\/pages\/610\/revisions\/612"}],"wp:attachment":[{"href":"https:\/\/guia-edicio-video.aula.uoc.edu\/es\/wp-json\/wp\/v2\/media?parent=610"}],"curies":[{"name":"wp","href":"https:\/\/api.w.org\/{rel}","templated":true}]}}