{"id":615,"date":"2024-06-13T10:31:26","date_gmt":"2024-06-13T08:31:26","guid":{"rendered":"https:\/\/guia-edicio-video-aula.azurewebsites.net\/?page_id=615"},"modified":"2024-08-02T13:23:05","modified_gmt":"2024-08-02T11:23:05","slug":"3-2-herramientas-de-escritorio","status":"publish","type":"page","link":"https:\/\/guia-edicio-video.aula.uoc.edu\/es\/3-2-herramientas-de-escritorio\/","title":{"rendered":"3.2. Herramientas de escritorio"},"content":{"rendered":"<p>Las herramientas de escritorio de edici\u00f3n de v\u00eddeo vienen integradas en los ordenadores o port\u00e1tiles. En este apartado os presentamos las m\u00e1s representativas.<\/p>\n<h4><strong>Clipchamp \u2013 Microsoft Video Editor<\/strong><\/h4>\n<p>Editor de v\u00eddeo integrado para Windows 11. Para acceder a Clipchamp, pod\u00e9is:<\/p>\n<ul>\n<li>Ir al cuadro de b\u00fasqueda en la barra de tareas, escribir \u00abClipchamp\u00bb y seleccionarlo de los resultados.<\/li>\n<li>Seleccionar \u00abInicio\u00bb, entonces seleccionar todas las aplicaciones, desplazaros abajo y seleccionar \u00abClipchamp\u00bb en la lista de aplicaciones.<\/li>\n<\/ul>\n<p>Pod\u00e9is acceder a una versi\u00f3n basada en el navegador mediante el enlace <a href=\"https:\/\/app.clipchamp.com\/\" target=\"_blank\" rel=\"noopener\">https:\/\/app.clipchamp.com\/<\/a> en Microsoft Edge o Google Chrome.<\/p>\n<p><iframe loading=\"lazy\" title=\"? BEST Clipchamp Video Editing Tips and Tricks\" width=\"640\" height=\"360\" src=\"https:\/\/www.youtube.com\/embed\/mBoSJpRm7gk?feature=oembed\" frameborder=\"0\" allow=\"accelerometer; autoplay; clipboard-write; encrypted-media; gyroscope; picture-in-picture; web-share\" referrerpolicy=\"strict-origin-when-cross-origin\" allowfullscreen><\/iframe><\/p>\n<div class=\"featured featured-grey\"><p>La gu\u00eda de Microsoft <a href=\"https:\/\/support.microsoft.com\/es-es\/windows\/crear-pel%C3%ADculas-con-un-editor-de-v%C3%ADdeo-94e651f8-a5be-ae03-3c50-e49f013d47f6\" target=\"_blank\" rel=\"noopener\">Crear Pel\u00edculas con un editor de v\u00eddeo<\/a> es un tutorial visual tambi\u00e9n de gran ayuda para los usuarios de <strong>Clipchamp<\/strong>.<\/p>\n<\/div>\n<div class=\"featured featured-grey\"><p><a href=\"https:\/\/clipchamp.com\/es\/\" target=\"_blank\" rel=\"noopener\">https:\/\/clipchamp.com\/es\/<\/a><\/p>\n<\/div>\n<h4><strong>iMovie para usuarios y usuarias de OSX<\/strong><\/h4>\n<p>Software de edici\u00f3n de v\u00eddeo creado por Apple Inc. como parte del conjunto de aplicaciones iLife para Macintosh. Con esta herramienta de edici\u00f3n, los usuarios pueden editar sus propias pel\u00edculas de manera profesional desde casa.<\/p>\n<p><iframe loading=\"lazy\" title=\"iMovie, tutorial para editar videos con Mac Gratis ?\" width=\"640\" height=\"360\" src=\"https:\/\/www.youtube.com\/embed\/vVCZJXERtiU?feature=oembed\" frameborder=\"0\" allow=\"accelerometer; autoplay; clipboard-write; encrypted-media; gyroscope; picture-in-picture; web-share\" referrerpolicy=\"strict-origin-when-cross-origin\" allowfullscreen><\/iframe><\/p>\n<div class=\"featured featured-grey\"><p><a href=\"https:\/\/support.apple.com\/es-es\/imovie\">h<\/a><a href=\"https:\/\/support.apple.com\/es-es\/imovie\">ttps:\/\/support.apple.com\/es-es\/imovie <\/a><\/p>\n<\/div>\n<h4><strong><span lang=\"es\">Openshot<\/span><\/strong><\/h4>\n<p>Editor de v\u00eddeo libre y de c\u00f3digo abierto para Windows, guapos, Linux y ChromeOS. El editor est\u00e1 en funcionamiento desde el 2008 y tiene el objetivo de proporcionar un editor de v\u00eddeo estable, gratuito y f\u00e1cil de utilizar.<\/p>\n<p><iframe loading=\"lazy\" title=\"OpenShot Video Editor - Tutorial for Beginners in 9 MINUTES!  [ UPDATED ]\" width=\"640\" height=\"360\" src=\"https:\/\/www.youtube.com\/embed\/fzIKaEwLx0M?feature=oembed\" frameborder=\"0\" allow=\"accelerometer; autoplay; clipboard-write; encrypted-media; gyroscope; picture-in-picture; web-share\" referrerpolicy=\"strict-origin-when-cross-origin\" allowfullscreen><\/iframe><\/p>\n<div class=\"featured featured-grey\"><p><a href=\"http:\/\/www.openshot.org\/features\/\" target=\"_blank\" rel=\"noopener\">http:\/\/www.openshot.org\/features\/<\/a><\/p>\n<\/div>\n<h4><strong><span lang=\"es\">Shotcut<\/span><\/strong><\/h4>\n<p><em>Software<\/em> de edici\u00f3n de v\u00eddeo multiplataforma gratuito y de c\u00f3digo abierto para FreeBSD, Linux, macOS y Windows. Est\u00e1 operativo desde el 2011.<\/p>\n<p><iframe loading=\"lazy\" title=\"Shotcut Video Editor - Tutorial for Beginners in 11 MINUTES!  [ 2023 ]\" width=\"640\" height=\"360\" src=\"https:\/\/www.youtube.com\/embed\/ehysOpY-lj0?feature=oembed\" frameborder=\"0\" allow=\"accelerometer; autoplay; clipboard-write; encrypted-media; gyroscope; picture-in-picture; web-share\" referrerpolicy=\"strict-origin-when-cross-origin\" allowfullscreen><\/iframe><\/p>\n<div class=\"featured featured-grey\"><p><a href=\"https:\/\/shotcut.org\/\">https:\/\/shotcut.org\/<\/a><\/p>\n<\/div>\n<h4><strong>Kdenlive<\/strong><\/h4>\n<p>Editor de v\u00eddeo no lineal que est\u00e1 disponible oficialmente para los sistemas operativos GNU\/Linux, Windows y macOS. Est\u00e1 operativo desde el 2002.<\/p>\n<p><iframe loading=\"lazy\" title=\"Video Editing Basics - 2023 Kdenlive Tutorial\" width=\"640\" height=\"360\" src=\"https:\/\/www.youtube.com\/embed\/_uogLm10KEg?feature=oembed\" frameborder=\"0\" allow=\"accelerometer; autoplay; clipboard-write; encrypted-media; gyroscope; picture-in-picture; web-share\" referrerpolicy=\"strict-origin-when-cross-origin\" allowfullscreen><\/iframe><\/p>\n<div class=\"featured featured-grey\"><p><a href=\"https:\/\/kdenlive.org\/es\/\">https:\/\/kdenlive.org\/es\/<\/a><\/p>\n<\/div>\n<h4><strong><span lang=\"es\">OBS<\/span><\/strong><\/h4>\n<p>Open Broadcaster Software (OBS) es una aplicaci\u00f3n libre y de c\u00f3digo abierto para la grabaci\u00f3n y transmisi\u00f3n de v\u00eddeo por internet, mantenida por OBS Project. Est\u00e1 disponible para Windows, macOS, Linux y BSD. Est\u00e1 operativo desde el 2012.<\/p>\n<p><iframe loading=\"lazy\" title=\"How to Use OBS Studio - Complete OBS Studio Tutorial for Beginners (2023!)\" width=\"640\" height=\"360\" src=\"https:\/\/www.youtube.com\/embed\/yCMdj7B8WiA?feature=oembed\" frameborder=\"0\" allow=\"accelerometer; autoplay; clipboard-write; encrypted-media; gyroscope; picture-in-picture; web-share\" referrerpolicy=\"strict-origin-when-cross-origin\" allowfullscreen><\/iframe><\/p>\n<div class=\"featured featured-grey\"><p><a href=\"https:\/\/obsproject.com\/\" target=\"_blank\" rel=\"noopener\">https:\/\/obsproject.com\/<\/a><\/p>\n<\/div>\n","protected":false},"excerpt":{"rendered":"<p>Las herramientas de escritorio de edici\u00f3n de v\u00eddeo vienen integradas en los ordenadores o port\u00e1tiles. En este apartado os presentamos las m\u00e1s representativas. Clipchamp \u2013 Microsoft Video Editor Editor de v\u00eddeo integrado para Windows 11. Para acceder a Clipchamp, pod\u00e9is: Ir al cuadro de b\u00fasqueda en la barra de tareas, escribir \u00abClipchamp\u00bb y seleccionarlo de [&hellip;]<\/p>\n","protected":false},"author":2,"featured_media":0,"parent":0,"menu_order":0,"comment_status":"closed","ping_status":"closed","template":"","meta":{"_acf_changed":false,"footnotes":""},"acf":[],"_links":{"self":[{"href":"https:\/\/guia-edicio-video.aula.uoc.edu\/es\/wp-json\/wp\/v2\/pages\/615"}],"collection":[{"href":"https:\/\/guia-edicio-video.aula.uoc.edu\/es\/wp-json\/wp\/v2\/pages"}],"about":[{"href":"https:\/\/guia-edicio-video.aula.uoc.edu\/es\/wp-json\/wp\/v2\/types\/page"}],"author":[{"embeddable":true,"href":"https:\/\/guia-edicio-video.aula.uoc.edu\/es\/wp-json\/wp\/v2\/users\/2"}],"replies":[{"embeddable":true,"href":"https:\/\/guia-edicio-video.aula.uoc.edu\/es\/wp-json\/wp\/v2\/comments?post=615"}],"version-history":[{"count":1,"href":"https:\/\/guia-edicio-video.aula.uoc.edu\/es\/wp-json\/wp\/v2\/pages\/615\/revisions"}],"predecessor-version":[{"id":616,"href":"https:\/\/guia-edicio-video.aula.uoc.edu\/es\/wp-json\/wp\/v2\/pages\/615\/revisions\/616"}],"wp:attachment":[{"href":"https:\/\/guia-edicio-video.aula.uoc.edu\/es\/wp-json\/wp\/v2\/media?parent=615"}],"curies":[{"name":"wp","href":"https:\/\/api.w.org\/{rel}","templated":true}]}}