{"id":617,"date":"2024-06-13T10:55:23","date_gmt":"2024-06-13T08:55:23","guid":{"rendered":"https:\/\/guia-edicio-video-aula.azurewebsites.net\/?page_id=617"},"modified":"2024-08-02T13:25:36","modified_gmt":"2024-08-02T11:25:36","slug":"3-3-herramientas-de-edicion-en-linea","status":"publish","type":"page","link":"https:\/\/guia-edicio-video.aula.uoc.edu\/es\/3-3-herramientas-de-edicion-en-linea\/","title":{"rendered":"3.3. Herramientas de edici\u00f3n en l\u00ednea"},"content":{"rendered":"<p>Las herramientas de edici\u00f3n en l\u00ednea son <strong>muy numerosas <\/strong>y han crecido mucho en los \u00faltimos a\u00f1os. Veamos algunos ejemplos: <a href=\"https:\/\/www.youtube.com\/creators\/youtube-create\/\" target=\"_blank\" rel=\"noopener\">YouTube<\/a> <a href=\"https:\/\/www.youtube.com\/creators\/youtube-create\/\">Create<\/a> ofrece una serie de herramientas de composici\u00f3n de v\u00eddeos muy interesantes, y, como hemos visto antes, <a href=\"https:\/\/app.clipchamp.com\/login\" target=\"_blank\" rel=\"noopener\">Microsoft Clipchamp<\/a> tiene una opci\u00f3n en l\u00ednea para editar v\u00eddeos, que tambi\u00e9n se puede encontrar adquiriendo una licencia <a href=\"https:\/\/www.microsoft.com\/de-de\/microsoft-365\/clipchamp?market=de\" target=\"_blank\" rel=\"noopener\">Microsoft 365<\/a>.<\/p>\n<figure id=\"attachment_149\" aria-describedby=\"caption-attachment-149\" style=\"width: 640px\" class=\"wp-caption alignnone\"><img loading=\"lazy\" decoding=\"async\" class=\"wp-image-149 size-large\" src=\"\/wp-content\/uploads\/2024\/06\/image036-1024x576.jpg\" alt=\"\" width=\"640\" height=\"360\" srcset=\"\/wp-content\/uploads\/2024\/06\/image036-1024x576.jpg 1024w, \/wp-content\/uploads\/2024\/06\/image036-300x169.jpg 300w, \/wp-content\/uploads\/2024\/06\/image036-768x432.jpg 768w, \/wp-content\/uploads\/2024\/06\/image036.jpg 1280w\" sizes=\"(max-width: 640px) 100vw, 640px\" \/><figcaption id=\"caption-attachment-149\" class=\"wp-caption-text\">Fuente: <a href=\"https:\/\/www.youtube.com\/creators\/youtube-create\/\" target=\"_blank\" rel=\"noopener\">YouTube Create<\/a>.<\/figcaption><\/figure>\n<p>Los mejores editores de v\u00eddeo en l\u00ednea ofrecen una base de edici\u00f3n, principalmente recortar, unir y aplicar t\u00edtulos y transiciones. Adem\u00e1s, proporcionan plantillas, v\u00eddeos predefinidos y la posibilidad de a\u00f1adir m\u00fasica de fondo, junto con otros controles de audio. En muchos casos no disponen, pero, de <strong>funciones avanzadas <\/strong>como el cromatismo, el seguimiento de movimientos, efectos 3D o una gradaci\u00f3n de color avanzado. Para hacer esto, todav\u00eda se necesita un <em>software<\/em> de edici\u00f3n de v\u00eddeo m\u00e1s completo. Cuando se usa un servicio de edici\u00f3n de v\u00eddeo en l\u00ednea, hay que cargar los clips, y por eso es necesaria una conexi\u00f3n a internet r\u00e1pido.<\/p>\n<p>A continuaci\u00f3n, os presentamos los editores m\u00e1s utilizados.<\/p>\n<h4><strong>Adobe Express<\/strong><\/h4>\n<p>Esta herramienta de edici\u00f3n de v\u00eddeo en l\u00ednea es una aplicaci\u00f3n de dise\u00f1o basada en plantillas que ayuda a crear im\u00e1genes fijas y ofrece un m\u00ednimo de capacidades de edici\u00f3n de v\u00eddeo. Las cuentas gratuitas tienen 2 GB de almacenamiento a la nube, edici\u00f3n b\u00e1sica y miles de recursos de dise\u00f1o y plantillas.<\/p>\n<div class=\"featured featured-grey\"><p><a href=\"https:\/\/www.adobe.com\/es\/express\/create\/video\" target=\"_blank\" rel=\"noopener\">https:\/\/www.adobe.com\/es\/express\/create\/video<\/a><\/p>\n<\/div>\n<h4><strong>Canva<\/strong><\/h4>\n<p>Especialmente indicado para usuarios que necesitan crear v\u00eddeos para uso promocional y publicaci\u00f3n en las redes sociales, especialmente por los formatos verticales m\u00f3viles. A pesar de que se basa principalmente en la creaci\u00f3n de gr\u00e1ficos impulsada por plantillas, Canva tambi\u00e9n ofrece algunas capacidades de edici\u00f3n de v\u00eddeo. El programa permite recortar, cortar, dividir, acelerar y cambiar la medida de los clips, pero no permite la edici\u00f3n de la l\u00ednea de tiempo de m\u00faltiples pistas, solo miniaturas del <em>storyboard<\/em>. Los usuarios reciben 5 GB gratuitos de almacenamiento en l\u00ednea y m\u00e1s de medio mill\u00f3n de plantillas.<\/p>\n<div class=\"featured featured-grey\"><p><a href=\"https:\/\/www.canva.com\/video-editor\/\" target=\"_blank\" rel=\"noopener\">https:\/\/www.canva.com\/video-editor\/<\/a><\/p>\n<\/div>\n<p><strong>Flex Clip<\/strong><\/p>\n<p>Utilizado especialmente para peque\u00f1as empresas que quieren crear v\u00eddeos de <em>marketing <\/em>para las redes sociales. Se puede empezar desde una plantilla o desde cero, y la interfaz permite utilizar los modos de l\u00ednea de tiempo o de <em>storyboard <\/em>y proporciones verticales u horizontales. El programa contiene todas las opciones de recorte, transici\u00f3n, texto y superposici\u00f3n, junto con una selecci\u00f3n decente de audio de fondo clasificado por estado de \u00e1nimo. La cuenta gratuita se limita a una resoluci\u00f3n de 720p, un m\u00e1ximo de 12 proyectos y una duraci\u00f3n de v\u00eddeo de 10 minutos, adem\u00e1s de tener una marca de agua de FlexClip.<\/p>\n<div class=\"featured featured-grey\"><p><a href=\"https:\/\/www.flexclip.com\/\" target=\"_blank\" rel=\"noopener\">https:\/\/www.flexclip.com\/<\/a><\/p>\n<\/div>\n<h4><strong>Kapwing<\/strong><\/h4>\n<p>Permite combinar clips de v\u00eddeo, recortar, dividir y a\u00f1adir transiciones, sobreponer texto e im\u00e1genes, generar subt\u00edtulos y cargar m\u00fasica. Tambi\u00e9n se tiene acceso a v\u00eddeos de archivo, fotos y m\u00fasica de fondo. Los v\u00eddeos editados de los usuarios gratuitos tienen una marca de agua y est\u00e1n limitados a 7 minutos y a una resoluci\u00f3n de 720p.<\/p>\n<div class=\"featured featured-grey\"><p><a href=\"https:\/\/www.kapwing.com\/\" target=\"_blank\" rel=\"noopener\">https:\/\/www.kapwing.com\/<\/a><\/p>\n<\/div>\n<h4><strong>Veed<\/strong><\/h4>\n<p>Impresionante editor de v\u00eddeo con l\u00ednea de tiempo de m\u00faltiples pistas que destaca por un dise\u00f1o claro y sencillo, con unas plantillas predefinidas de gran calidad, muy parecidas al <em>software <\/em>de edici\u00f3n de v\u00eddeo instalado. El sitio web proporciona conversi\u00f3n de voz a texto para subt\u00edtulos autom\u00e1ticos, filtros de efectos, superposiciones de formas, y diez estilos de transici\u00f3n, adem\u00e1s de medidas de imagen para redes sociales. Los usuarios gratuitos obtienen una salida de v\u00eddeos con marca de agua a 720p de hasta 10 minutos de duraci\u00f3n, pero sin l\u00edmite en el n\u00famero de proyectos.<\/p>\n<div class=\"featured featured-grey\"><p><a href=\"https:\/\/www.veed.io\/\" target=\"_blank\" rel=\"noopener\">https:\/\/www.veed.io\/<\/a><\/p>\n<\/div>\n","protected":false},"excerpt":{"rendered":"<p>Las herramientas de edici\u00f3n en l\u00ednea son muy numerosas y han crecido mucho en los \u00faltimos a\u00f1os. Veamos algunos ejemplos: YouTube Create ofrece una serie de herramientas de composici\u00f3n de v\u00eddeos muy interesantes, y, como hemos visto antes, Microsoft Clipchamp tiene una opci\u00f3n en l\u00ednea para editar v\u00eddeos, que tambi\u00e9n se puede encontrar adquiriendo una [&hellip;]<\/p>\n","protected":false},"author":2,"featured_media":0,"parent":0,"menu_order":0,"comment_status":"closed","ping_status":"closed","template":"","meta":{"_acf_changed":false,"footnotes":""},"acf":[],"_links":{"self":[{"href":"https:\/\/guia-edicio-video.aula.uoc.edu\/es\/wp-json\/wp\/v2\/pages\/617"}],"collection":[{"href":"https:\/\/guia-edicio-video.aula.uoc.edu\/es\/wp-json\/wp\/v2\/pages"}],"about":[{"href":"https:\/\/guia-edicio-video.aula.uoc.edu\/es\/wp-json\/wp\/v2\/types\/page"}],"author":[{"embeddable":true,"href":"https:\/\/guia-edicio-video.aula.uoc.edu\/es\/wp-json\/wp\/v2\/users\/2"}],"replies":[{"embeddable":true,"href":"https:\/\/guia-edicio-video.aula.uoc.edu\/es\/wp-json\/wp\/v2\/comments?post=617"}],"version-history":[{"count":1,"href":"https:\/\/guia-edicio-video.aula.uoc.edu\/es\/wp-json\/wp\/v2\/pages\/617\/revisions"}],"predecessor-version":[{"id":618,"href":"https:\/\/guia-edicio-video.aula.uoc.edu\/es\/wp-json\/wp\/v2\/pages\/617\/revisions\/618"}],"wp:attachment":[{"href":"https:\/\/guia-edicio-video.aula.uoc.edu\/es\/wp-json\/wp\/v2\/media?parent=617"}],"curies":[{"name":"wp","href":"https:\/\/api.w.org\/{rel}","templated":true}]}}