{"id":619,"date":"2024-06-13T11:04:13","date_gmt":"2024-06-13T09:04:13","guid":{"rendered":"https:\/\/guia-edicio-video-aula.azurewebsites.net\/?page_id=619"},"modified":"2024-08-02T13:27:48","modified_gmt":"2024-08-02T11:27:48","slug":"3-4-aplicaciones-de-edicion-de-video-para-dispositivos-moviles","status":"publish","type":"page","link":"https:\/\/guia-edicio-video.aula.uoc.edu\/es\/3-4-aplicaciones-de-edicion-de-video-para-dispositivos-moviles\/","title":{"rendered":"3.4. Aplicaciones de edici\u00f3n de v\u00eddeo para dispositivos m\u00f3viles"},"content":{"rendered":"<p>La edici\u00f3n de v\u00eddeo ya no se limita al ordenador. Las mejores aplicaciones para editar v\u00eddeo para iPhone y Android permiten crear contenido desde los <strong>dispositivos m\u00f3viles <\/strong>de forma gratuita en muchos casos y se pueden descargar para editar v\u00eddeos de forma eficiente. Hemos de tener siempre en cuenta que las versiones gratuitas van con marca de agua.<\/p>\n<h4><strong>VivaVideo<\/strong> (Android\/iOS)<\/h4>\n<p><em>Software<\/em> de edici\u00f3n de v\u00eddeo gratuito compatible con varios sistemas operativos. El editor es una de las mejores aplicaciones de c\u00e1mara de v\u00eddeo y de edici\u00f3n de v\u00eddeo en el mercado de aplicaciones m\u00f3viles y ocupa el primer lugar como aplicaci\u00f3n gratuita de edici\u00f3n de v\u00eddeo.<\/p>\n<div class=\"featured featured-grey\"><p><a href=\"https:\/\/vivavideo.tv\/\" target=\"_blank\" rel=\"noopener\">https:\/\/vivavideo.tv\/<\/a><\/p>\n<\/div>\n<h4><strong>iMovie<\/strong> (iOS)<\/h4>\n<p>La aplicaci\u00f3n m\u00f3vil de iOS lleva incorporado iMovie, con una versi\u00f3n de v\u00eddeos para profesionales y para principiantes. Por ejemplo, apoya la edici\u00f3n en 4K y multipista, tiene una amplia gama de filtros y permite insertar m\u00fasica libre que se ajusta autom\u00e1ticamente en la duraci\u00f3n del v\u00eddeo. La aplicaci\u00f3n lleva predefinidas las opciones siguientes: \u00e1lbum de fotos, deportes, viajes, c\u00f3mico y ne\u00f3n. Cada opci\u00f3n viene con m\u00fasica, transiciones y sobreposiciones de texto, ahorrando tiempo y esfuerzo durante el proceso de edici\u00f3n.<\/p>\n<div class=\"featured featured-grey\"><p><a href=\"https:\/\/apps.apple.com\/es\/app\/imovie\/id377298193\" target=\"_blank\" rel=\"noopener\">https:\/\/apps.apple.com\/es\/app\/imovie\/id377298193<\/a><\/p>\n<\/div>\n<h4><strong>Go Pro Quick<\/strong> (Android\/iOS)<\/h4>\n<p>Producto de GoPro para crear res\u00famenes de varios clips. Es ideal para v\u00eddeos r\u00e1pidos y adaptados en Instagram, mezclando y combinando clips, a pesar de que no sirve para ediciones de v\u00eddeo 4K o proyectos m\u00e1s complejos. Tiene una versi\u00f3n gratuita limitada.<\/p>\n<div class=\"featured featured-grey\"><p><strong>Android<\/strong>: <a href=\"https:\/\/quik-free-video-editor.softonic.com\/android\" target=\"_blank\" rel=\"noopener\">https:\/\/quik-free-video-editor.softonic.com\/android<\/a><\/p>\n<p><strong>iOS<\/strong>: <a href=\"https:\/\/apps.apple.com\/es\/app\/gopro-quik\/id561350520\" target=\"_blank\" rel=\"noopener\">https:\/\/apps.apple.com\/es\/app\/gopro-quik\/id561350520<\/a><\/p>\n<\/div>\n<h4><strong>Kinemaster<\/strong> (Android\/iOS)<\/h4>\n<p>Ofrece apoyo para la edici\u00f3n en 4K y exporta v\u00eddeos en YouTube. Se pueden recortar, cortar y ajustar clips fotograma por fotograma y a las pistas de audio. KineMaster no tiene una l\u00ednea de tiempo tradicional, de forma que los clips se superponen en lugar de situarse debajo en una pista separada. Se pueden a\u00f1adir im\u00e1genes, efectos de v\u00eddeo y texto para crear un producto final sofisticado. La versi\u00f3n gratuita viene con marca de agua.<\/p>\n<div class=\"featured featured-grey\"><p><strong>Android<\/strong>: <a href=\"https:\/\/play.google.com\/store\/apps\/details?id=com.nexstreaming.app.kinemasterfree&amp;hl=es_419&amp;gl=US\" target=\"_blank\" rel=\"noopener\">https:\/\/play.google.com\/store\/apps\/details?id=com.nexstreaming.app.kinemasterfree&amp;hl=es_419&amp;gl=US<\/a><\/p>\n<p><strong>iOS<\/strong>: <a href=\"https:\/\/apps.apple.com\/es\/app\/kinemaster-editor-de-v%C3%ADdeo\/id1609369954\" target=\"_blank\" rel=\"noopener\">https:\/\/apps.apple.com\/es\/app\/kinemaster-editor-de-v%C3%ADdeo\/id1609369954<\/a><\/p>\n<\/div>\n<div class=\"featured featured-blue\"><p>En aplicaciones de pago, hay que destacar <strong>PowerDirector <\/strong>(<a href=\"https:\/\/es.cyberlink.com\/products\/powerdirector-video-editing-software\/overview_es_ES.html?affid=2581_-1_723_PDR-NB-PMax&amp;gad_source=1&amp;gclid=Cj0KCQjwiYOxBhC5ARIsAIvdH53EwvvIntT3nP-3bOnU6te8GPgzbm_CN7Qyl3DeYivxWruV64XhGtQaAv_VEALw_wcB\" target=\"_blank\" rel=\"noopener\">Android<\/a>\/<a href=\"https:\/\/apps.apple.com\/es\/app\/powerdirector-editor-de-video\/id1473574597\" target=\"_blank\" rel=\"noopener\">iOS<\/a>), un programa de edici\u00f3n de v\u00eddeo con funcionalidades excelentes, como por ejemplo transformar los v\u00eddeos en dibujos animados o <em>anime<\/em>, efectos de v\u00eddeo con herramientas de inteligencia artificial y m\u00e1s de 600 familias tipogr\u00e1ficas. Tambi\u00e9n <a href=\"https:\/\/www.adobe.com\/products\/premiere-rush.html\" target=\"_blank\" rel=\"noopener\"><strong>Adobe Premiere Rush<\/strong><\/a> permite editar v\u00eddeos de forma muy intuitiva, y se puede adquirir con las aplicaciones de Adobe Creative Cloud.<\/p>\n<\/div>\n","protected":false},"excerpt":{"rendered":"<p>La edici\u00f3n de v\u00eddeo ya no se limita al ordenador. Las mejores aplicaciones para editar v\u00eddeo para iPhone y Android permiten crear contenido desde los dispositivos m\u00f3viles de forma gratuita en muchos casos y se pueden descargar para editar v\u00eddeos de forma eficiente. Hemos de tener siempre en cuenta que las versiones gratuitas van con [&hellip;]<\/p>\n","protected":false},"author":2,"featured_media":0,"parent":0,"menu_order":0,"comment_status":"closed","ping_status":"closed","template":"","meta":{"_acf_changed":false,"footnotes":""},"acf":[],"_links":{"self":[{"href":"https:\/\/guia-edicio-video.aula.uoc.edu\/es\/wp-json\/wp\/v2\/pages\/619"}],"collection":[{"href":"https:\/\/guia-edicio-video.aula.uoc.edu\/es\/wp-json\/wp\/v2\/pages"}],"about":[{"href":"https:\/\/guia-edicio-video.aula.uoc.edu\/es\/wp-json\/wp\/v2\/types\/page"}],"author":[{"embeddable":true,"href":"https:\/\/guia-edicio-video.aula.uoc.edu\/es\/wp-json\/wp\/v2\/users\/2"}],"replies":[{"embeddable":true,"href":"https:\/\/guia-edicio-video.aula.uoc.edu\/es\/wp-json\/wp\/v2\/comments?post=619"}],"version-history":[{"count":1,"href":"https:\/\/guia-edicio-video.aula.uoc.edu\/es\/wp-json\/wp\/v2\/pages\/619\/revisions"}],"predecessor-version":[{"id":620,"href":"https:\/\/guia-edicio-video.aula.uoc.edu\/es\/wp-json\/wp\/v2\/pages\/619\/revisions\/620"}],"wp:attachment":[{"href":"https:\/\/guia-edicio-video.aula.uoc.edu\/es\/wp-json\/wp\/v2\/media?parent=619"}],"curies":[{"name":"wp","href":"https:\/\/api.w.org\/{rel}","templated":true}]}}