{"id":621,"date":"2024-06-13T11:15:30","date_gmt":"2024-06-13T09:15:30","guid":{"rendered":"https:\/\/guia-edicio-video-aula.azurewebsites.net\/?page_id=621"},"modified":"2024-08-03T20:43:23","modified_gmt":"2024-08-03T18:43:23","slug":"4-1-plataformas-mas-habituales","status":"publish","type":"page","link":"https:\/\/guia-edicio-video.aula.uoc.edu\/es\/4-1-plataformas-mas-habituales\/","title":{"rendered":"4.1. Plataformas m\u00e1s habituales"},"content":{"rendered":"<p>Una vez hemos visto c\u00f3mo grabar y editar un v\u00eddeo, pasamos a ver algunas <strong>orientaciones <\/strong>para publicarlo y difundirlo.<\/p>\n<p>Los lugares de alojamiento de v\u00eddeos son plataformas en l\u00ednea donde pod\u00e9is cargar, editar y compartir v\u00eddeos. Obtendr\u00e9is un c\u00f3digo de integraci\u00f3n para compartir los v\u00eddeos a vuestro sitio web o en las redes sociales.<\/p>\n<p>A continuaci\u00f3n, se mencionan las <strong>fortalezas <\/strong>de las plataformas m\u00e1s habituales para que antes de escoger d\u00f3nde alojar vuestros v\u00eddeos est\u00e9is bien informados:<\/p>\n<h4><strong>YouTube<\/strong><\/h4>\n<ul>\n<li><strong>Popularidad<\/strong>: es la plataforma que m\u00e1s visitas y reproducciones recibe diariamente. Sin embargo, a su vez la competencia es feroz.<\/li>\n<li><strong>Duraci\u00f3n de los v\u00eddeos<\/strong>: con una cuenta normal, YouTube permite subir v\u00eddeos de hasta 15 minutos.<\/li>\n<li><strong>Compartir v\u00eddeos privados<\/strong>: YouTube da la opci\u00f3n de hacer privados los v\u00eddeos y de compartirlos solo con determinadas personas. Esta caracter\u00edstica tiene un l\u00edmite de hasta 50 personas y siempre con registro previo a la plataforma (con correo Gmail). Los v\u00eddeos de YouTube se pueden compartir en las redes sociales.<\/li>\n<li><strong>Subt\u00edtulos en directo<\/strong>: los subt\u00edtulos son una manera excelente de hacer el contenido accesible para los espectadores. YouTube puede utilizar la tecnolog\u00eda de reconocimiento de voz para crear autom\u00e1ticamente subt\u00edtulos para todo tipo de v\u00eddeos.<\/li>\n<li><strong>Publicidad<\/strong>: los anuncios frecuentes pueden interrumpir la experiencia de visualizaci\u00f3n, provocando frustraci\u00f3n entre los usuarios.<\/li>\n<\/ul>\n<h4><strong>Vimeo<\/strong><\/h4>\n<ul>\n<li><strong>Resoluci\u00f3n<\/strong>: Vimeo destaca por su calidad de contenido. Esta es la raz\u00f3n principal por la cual muchos profesionales del cine se decantan para utilizar esta plataforma, dado que de esta forma se aprecia mucho m\u00e1s en detalle su trabajo.<\/li>\n<li><strong>Duraci\u00f3n de los v\u00eddeos<\/strong>: Vimeo tiene una limitaci\u00f3n de duraci\u00f3n de los v\u00eddeos de 24 horas, y la versi\u00f3n gratuita permite crear hasta tres muestras de v\u00eddeo, un canal y un grupo. Si creasteis vuestra cuenta gratuita a Vimeo antes del 7 de noviembre de 2023, pod\u00e9is subir o crear hasta dos v\u00eddeos al mes, permitiendo hasta 25 v\u00eddeos en total.<\/li>\n<li>El tama\u00f1o de cada v\u00eddeo puede ser de hasta 250 GB en la versi\u00f3n gratuita, y permite subir v\u00eddeos en 4K, HDR y Dolby Vision.<\/li>\n<li><strong>Publicidad<\/strong>: Vimeo no muestra publicitad en los v\u00eddeos. No aparecer\u00e1n anuncios ni antes, ni despu\u00e9s, ni durante el v\u00eddeo en la ventana de reproducci\u00f3n del v\u00eddeo.<\/li>\n<li><strong>Compartir v\u00eddeos privados<\/strong>: posibilita elegir que los v\u00eddeos privados no se compartan, compartirlos solo con contactos de Vimeo, compartirlos con ciertos usuarios de Vimeo o simplemente proteger el v\u00eddeo con una contrase\u00f1a que pedir\u00e1 al iniciar la reproducci\u00f3n.<\/li>\n<\/ul>\n<p><div class=\"featured featured-grey\"><p>En estos \u00faltimos a\u00f1os se pueden subir v\u00eddeos a varias plataformas de las redes sociales, como por ejemplo <strong>Facebook<\/strong>, <strong>X<\/strong>, <strong>Instagram <\/strong>o <strong>TikTok<\/strong>. Cada plataforma tiene sus particularidades concretas y las principales ventajas son que los v\u00eddeos se hacen virales de forma autom\u00e1tica cuando se comparten.<\/p>\n<ul>\n<li>Por ejemplo, <strong>Facebook <\/strong>es una plataforma con una amplia gama de p\u00fablicos y ofrece opciones como compartir en grupos y p\u00e1ginas vuestro perfil personal. Los v\u00eddeos que se comparten aqu\u00ed pueden ser m\u00e1s largos y pueden beneficiarse de las opciones de segmentaci\u00f3n del p\u00fablico que ofrece Facebook Ads.<\/li>\n<li><strong>X<\/strong>, por su parte, es conocido por la inmediatez y la limitaci\u00f3n de caracteres. Los v\u00eddeos aqu\u00ed suelen ser m\u00e1s cortos y pueden tener un enfoque m\u00e1s informativo.<\/li>\n<li><strong>Instagram <\/strong>hace \u00e9nfasis en la visualidad y la narrativa visual, y por eso es popular para v\u00eddeos cortos y creativos. Las historias de Instagram ofrecen opciones para v\u00eddeos m\u00e1s largos, y las etiquetas y los <em>hashtags <\/em>son clave para su visibilidad.<\/li>\n<li>Finalmente, <strong>TikTok <\/strong>es una plataforma totalmente orientada a los v\u00eddeos cortos y al formato vertical. Su capacidad de hacer virales los v\u00eddeos de manera r\u00e1pida y su comunidad participativa han hecho que sea un lugar ideal para la viralizaci\u00f3n del contenido.<br \/>\n<\/div><\/li>\n<\/ul>\n","protected":false},"excerpt":{"rendered":"<p>Una vez hemos visto c\u00f3mo grabar y editar un v\u00eddeo, pasamos a ver algunas orientaciones para publicarlo y difundirlo. Los lugares de alojamiento de v\u00eddeos son plataformas en l\u00ednea donde pod\u00e9is cargar, editar y compartir v\u00eddeos. Obtendr\u00e9is un c\u00f3digo de integraci\u00f3n para compartir los v\u00eddeos a vuestro sitio web o en las redes sociales. A [&hellip;]<\/p>\n","protected":false},"author":2,"featured_media":0,"parent":0,"menu_order":0,"comment_status":"closed","ping_status":"closed","template":"","meta":{"_acf_changed":false,"footnotes":""},"acf":[],"_links":{"self":[{"href":"https:\/\/guia-edicio-video.aula.uoc.edu\/es\/wp-json\/wp\/v2\/pages\/621"}],"collection":[{"href":"https:\/\/guia-edicio-video.aula.uoc.edu\/es\/wp-json\/wp\/v2\/pages"}],"about":[{"href":"https:\/\/guia-edicio-video.aula.uoc.edu\/es\/wp-json\/wp\/v2\/types\/page"}],"author":[{"embeddable":true,"href":"https:\/\/guia-edicio-video.aula.uoc.edu\/es\/wp-json\/wp\/v2\/users\/2"}],"replies":[{"embeddable":true,"href":"https:\/\/guia-edicio-video.aula.uoc.edu\/es\/wp-json\/wp\/v2\/comments?post=621"}],"version-history":[{"count":3,"href":"https:\/\/guia-edicio-video.aula.uoc.edu\/es\/wp-json\/wp\/v2\/pages\/621\/revisions"}],"predecessor-version":[{"id":703,"href":"https:\/\/guia-edicio-video.aula.uoc.edu\/es\/wp-json\/wp\/v2\/pages\/621\/revisions\/703"}],"wp:attachment":[{"href":"https:\/\/guia-edicio-video.aula.uoc.edu\/es\/wp-json\/wp\/v2\/media?parent=621"}],"curies":[{"name":"wp","href":"https:\/\/api.w.org\/{rel}","templated":true}]}}