{"id":627,"date":"2024-06-13T11:44:43","date_gmt":"2024-06-13T09:44:43","guid":{"rendered":"https:\/\/guia-edicio-video-aula.azurewebsites.net\/?page_id=627"},"modified":"2024-08-03T20:51:00","modified_gmt":"2024-08-03T18:51:00","slug":"5-2-edicion-de-video","status":"publish","type":"page","link":"https:\/\/guia-edicio-video.aula.uoc.edu\/es\/5-2-edicion-de-video\/","title":{"rendered":"5.2. Edici\u00f3n de v\u00eddeo"},"content":{"rendered":"<p>En la edici\u00f3n de v\u00eddeo y posproducci\u00f3n, la inteligencia artificial ha mejorado notablemente el trabajo. Ahora el proceso de edici\u00f3n es <strong>m\u00e1s fluido que nunca<\/strong>, permite corregir el color, la iluminaci\u00f3n e incluso <strong>sugerir <\/strong>cortes y transiciones.<\/p>\n<div class=\"featured featured-grey\"><p>Por ejemplo, tenemos algunas herramientas como <a href=\"https:\/\/www.rephrase.ai\/\" target=\"_blank\" rel=\"noopener\">Rephrase.aI<\/a>, <a href=\"http:\/\/invideo.io\/\" target=\"_blank\" rel=\"noopener\">Invideo.io<\/a>, <a href=\"https:\/\/runwayml.com\/\" target=\"_blank\" rel=\"noopener\">Runway<\/a> o <a href=\"http:\/\/haiper.ai\/\" target=\"_blank\" rel=\"noopener\">Haiper.ai<\/a> que a partir de descripciones (<em>prompts <\/em>textuales) pueden <strong>crear im\u00e1genes <\/strong>en movimiento con mucha eficacia. <a href=\"https:\/\/www.flexclip.com\/\" target=\"_blank\" rel=\"noopener\">Flexclip<\/a> crea y edita v\u00eddeos centrados en la promoci\u00f3n de productos en las redes sociales, a pesar de que se puede utilizar para cualquier otro prop\u00f3sito videogr\u00e1fico. <a href=\"http:\/\/veed.io\/\" target=\"_blank\" rel=\"noopener\">Veed.io<\/a> se centra en los v\u00eddeos explicativos, y es id\u00f3neo para cursos en l\u00ednea que se pueden compartir desde la plataforma en las principales redes sociales. <a href=\"https:\/\/www.loremachine.world\/public\/lore\/XUYjYHOY\" target=\"_blank\" rel=\"noopener\">Loremachine<\/a>, a partir de las ideas de sus creadores, genera historias gr\u00e1ficas que se pueden incluir dentro de la edici\u00f3n de v\u00eddeo.<\/p>\n<\/div>\n","protected":false},"excerpt":{"rendered":"<p>En la edici\u00f3n de v\u00eddeo y posproducci\u00f3n, la inteligencia artificial ha mejorado notablemente el trabajo. Ahora el proceso de edici\u00f3n es m\u00e1s fluido que nunca, permite corregir el color, la iluminaci\u00f3n e incluso sugerir cortes y transiciones.<\/p>\n","protected":false},"author":2,"featured_media":0,"parent":0,"menu_order":0,"comment_status":"closed","ping_status":"closed","template":"","meta":{"_acf_changed":false,"footnotes":""},"acf":[],"_links":{"self":[{"href":"https:\/\/guia-edicio-video.aula.uoc.edu\/es\/wp-json\/wp\/v2\/pages\/627"}],"collection":[{"href":"https:\/\/guia-edicio-video.aula.uoc.edu\/es\/wp-json\/wp\/v2\/pages"}],"about":[{"href":"https:\/\/guia-edicio-video.aula.uoc.edu\/es\/wp-json\/wp\/v2\/types\/page"}],"author":[{"embeddable":true,"href":"https:\/\/guia-edicio-video.aula.uoc.edu\/es\/wp-json\/wp\/v2\/users\/2"}],"replies":[{"embeddable":true,"href":"https:\/\/guia-edicio-video.aula.uoc.edu\/es\/wp-json\/wp\/v2\/comments?post=627"}],"version-history":[{"count":3,"href":"https:\/\/guia-edicio-video.aula.uoc.edu\/es\/wp-json\/wp\/v2\/pages\/627\/revisions"}],"predecessor-version":[{"id":707,"href":"https:\/\/guia-edicio-video.aula.uoc.edu\/es\/wp-json\/wp\/v2\/pages\/627\/revisions\/707"}],"wp:attachment":[{"href":"https:\/\/guia-edicio-video.aula.uoc.edu\/es\/wp-json\/wp\/v2\/media?parent=627"}],"curies":[{"name":"wp","href":"https:\/\/api.w.org\/{rel}","templated":true}]}}