{"id":629,"date":"2024-06-13T11:50:24","date_gmt":"2024-06-13T09:50:24","guid":{"rendered":"https:\/\/guia-edicio-video-aula.azurewebsites.net\/?page_id=629"},"modified":"2024-08-02T13:40:06","modified_gmt":"2024-08-02T11:40:06","slug":"5-3-edicion-de-sonido","status":"publish","type":"page","link":"https:\/\/guia-edicio-video.aula.uoc.edu\/es\/5-3-edicion-de-sonido\/","title":{"rendered":"5.3. Edici\u00f3n de sonido"},"content":{"rendered":"<p>Actualmente, disponemos de herramientas de IA que permiten <strong>eliminar ruidos <\/strong>no deseados o <strong>sincronizar <\/strong>audio, como por ejemplo <a href=\"http:\/\/veed.io\/\" target=\"_blank\" rel=\"noopener\">veed.io<\/a>. Adem\u00e1s de las herramientas de edici\u00f3n de v\u00eddeo de IA que hemos comentado anteriormente, esta plataforma ofrece la capacidad de eliminar ruidos no deseados o de sincronizar audio de manera autom\u00e1tica.<\/p>\n<p><a href=\"http:\/\/sonix.ai\/\" target=\"_blank\" rel=\"noopener\">Sonix.ai<\/a> permite transcribir autom\u00e1ticamente, traduce y ayuda a organizar los ficheros de audio y v\u00eddeo en m\u00e1s de 40 idiomas. <a href=\"https:\/\/auphonic.com\/use-cases#video-creation\" target=\"_blank\" rel=\"noopener\">Auphonic<\/a> elimina ruidos y mejora la calidad del audio de los v\u00eddeos mientras se ahorra en tiempos a la sala de edici\u00f3n. Cumple todas las especificaciones de audio comunes de plataformas como Netflix, emisoras y anuncios con un solo clic y el acceso a los v\u00eddeos a\u00f1adiendo transcripciones autom\u00e1ticas.<\/p>\n<div class=\"featured featured-blue\"><p>La IA llevar\u00e1 cambios en la industria audiovisual en los pr\u00f3ximos a\u00f1os. Desde la <strong>creaci\u00f3n de guiones, avatares realistas <\/strong>que formen parte de los personajes de los films, la <strong>creaci\u00f3n de m\u00fasica <\/strong>y la <strong>producci\u00f3n de v\u00eddeos<\/strong>, en general.<\/p>\n<\/div>\n<p>La responsabilidad de creaci\u00f3n de fragmentos audiovisuales mediante la IA tiene que seguir unos <strong>principios \u00e9ticos de responsabilidad <\/strong>y <strong>transparencia<\/strong>. En principio, todos los contenidos generados a trav\u00e9s de IA tienen que llevar unos <em>hashtags<\/em> nutricionales por el contenido digital, y que est\u00e1n asociados al contenido utilizado, publicado o almacenado. Esto permite solicitar una Marca de Tecnolog\u00eda de Confianza, que solo se concede a productos que lleguen a un cierto umbral en cuanto a <strong>derechos de datos, seguridad <\/strong>y <strong>transparencia<\/strong>.<\/p>\n","protected":false},"excerpt":{"rendered":"<p>Actualmente, disponemos de herramientas de IA que permiten eliminar ruidos no deseados o sincronizar audio, como por ejemplo veed.io. Adem\u00e1s de las herramientas de edici\u00f3n de v\u00eddeo de IA que hemos comentado anteriormente, esta plataforma ofrece la capacidad de eliminar ruidos no deseados o de sincronizar audio de manera autom\u00e1tica. Sonix.ai permite transcribir autom\u00e1ticamente, traduce [&hellip;]<\/p>\n","protected":false},"author":2,"featured_media":0,"parent":0,"menu_order":0,"comment_status":"closed","ping_status":"closed","template":"","meta":{"_acf_changed":false,"footnotes":""},"acf":[],"_links":{"self":[{"href":"https:\/\/guia-edicio-video.aula.uoc.edu\/es\/wp-json\/wp\/v2\/pages\/629"}],"collection":[{"href":"https:\/\/guia-edicio-video.aula.uoc.edu\/es\/wp-json\/wp\/v2\/pages"}],"about":[{"href":"https:\/\/guia-edicio-video.aula.uoc.edu\/es\/wp-json\/wp\/v2\/types\/page"}],"author":[{"embeddable":true,"href":"https:\/\/guia-edicio-video.aula.uoc.edu\/es\/wp-json\/wp\/v2\/users\/2"}],"replies":[{"embeddable":true,"href":"https:\/\/guia-edicio-video.aula.uoc.edu\/es\/wp-json\/wp\/v2\/comments?post=629"}],"version-history":[{"count":1,"href":"https:\/\/guia-edicio-video.aula.uoc.edu\/es\/wp-json\/wp\/v2\/pages\/629\/revisions"}],"predecessor-version":[{"id":630,"href":"https:\/\/guia-edicio-video.aula.uoc.edu\/es\/wp-json\/wp\/v2\/pages\/629\/revisions\/630"}],"wp:attachment":[{"href":"https:\/\/guia-edicio-video.aula.uoc.edu\/es\/wp-json\/wp\/v2\/media?parent=629"}],"curies":[{"name":"wp","href":"https:\/\/api.w.org\/{rel}","templated":true}]}}